{"id":14877,"date":"2023-11-04T00:13:57","date_gmt":"2023-11-03T23:13:57","guid":{"rendered":"http:\/\/innocentiemangonipiante.it\/choisya-ternata-sundance\/"},"modified":"2023-11-06T17:52:57","modified_gmt":"2023-11-06T16:52:57","slug":"choisya-ternata-sundance","status":"publish","type":"product","link":"https:\/\/innocentiemangonipiante.it\/de\/choisya-ternata-sundance\/","title":{"rendered":"CHOISYA ternata &#8218;Sundance&#8216;"},"content":{"rendered":"<p>Die Bl\u00e4tter sind einer sch\u00f6nen und lebendigen gelben Farbe. Es bl\u00fcht selten.<\/p>\n","protected":false},"excerpt":{"rendered":"<p>Die Bl\u00e4tter sind einer sch\u00f6nen und lebendigen gelben Farbe. Es bl\u00fcht selten.<\/p>\n","protected":false},"featured_media":1740,"template":"","meta":{"_acf_changed":false},"product_brand":[],"product_cat":[8816],"product_tag":[10898],"class_list":{"0":"post-14877","1":"product","2":"type-product","3":"status-publish","4":"has-post-thumbnail","6":"product_cat-hartnaeckige-baeume-und-straeucher","7":"product_tag-naturlichen","8":"pa_altezza-massima-200-de","9":"pa_altezza-massima-300-de","10":"pa_colore-delle-foglie-gelben","11":"pa_colore-fioritura-gelbe","12":"pa_condizionamento-clt-de","13":"pa_condizionamento-jungplanzen","14":"pa_famiglia-rutaceae-de","15":"pa_genere-choisya-de","16":"pa_origine-mexiko","17":"pa_periodo-fioritura-juli","18":"pa_periodo-fioritura-juni","19":"pa_periodo-fioritura-mai-de","20":"pa_portamento-arrotondato-de","21":"pa_profumo-zart","22":"pa_resistenza-climatica-mittel-hoch","23":"pa_salinita-bestaendigkeit-in-meeresluft","24":"pa_utilizzo-kleine-gaerten","25":"pa_utilizzo-parks-de","27":"first","28":"instock","29":"purchasable","30":"product-type-simple"},"acf":[],"_links":{"self":[{"href":"https:\/\/innocentiemangonipiante.it\/de\/wp-json\/wp\/v2\/product\/14877","targetHints":{"allow":["GET"]}}],"collection":[{"href":"https:\/\/innocentiemangonipiante.it\/de\/wp-json\/wp\/v2\/product"}],"about":[{"href":"https:\/\/innocentiemangonipiante.it\/de\/wp-json\/wp\/v2\/types\/product"}],"wp:featuredmedia":[{"embeddable":true,"href":"https:\/\/innocentiemangonipiante.it\/de\/wp-json\/wp\/v2\/media\/1740"}],"wp:attachment":[{"href":"https:\/\/innocentiemangonipiante.it\/de\/wp-json\/wp\/v2\/media?parent=14877"}],"wp:term":[{"taxonomy":"product_brand","embeddable":true,"href":"https:\/\/innocentiemangonipiante.it\/de\/wp-json\/wp\/v2\/product_brand?post=14877"},{"taxonomy":"product_cat","embeddable":true,"href":"https:\/\/innocentiemangonipiante.it\/de\/wp-json\/wp\/v2\/product_cat?post=14877"},{"taxonomy":"product_tag","embeddable":true,"href":"https:\/\/innocentiemangonipiante.it\/de\/wp-json\/wp\/v2\/product_tag?post=14877"}],"curies":[{"name":"wp","href":"https:\/\/api.w.org\/{rel}","templated":true}]}}