{"id":14878,"date":"2023-11-04T00:14:06","date_gmt":"2023-11-03T23:14:06","guid":{"rendered":"http:\/\/innocentiemangonipiante.it\/choisya-x-dewitteana-aztec-pearl\/"},"modified":"2023-11-06T17:53:00","modified_gmt":"2023-11-06T16:53:00","slug":"choisya-x-dewitteana-aztec-pearl","status":"publish","type":"product","link":"https:\/\/innocentiemangonipiante.it\/de\/choisya-x-dewitteana-aztec-pearl\/","title":{"rendered":"CHOISYA x dewitteana &#8218;Aztec Pearl&#8216;"},"content":{"rendered":"<p>Die Bl\u00e4tter, aus 3-5 linearischen Bl\u00e4tterchen, sind dunkelgr\u00fcn. Am Sommerende produziert es weisse rosaget\u00f6nte Bl\u00fcten.<\/p>\n","protected":false},"excerpt":{"rendered":"<p>Die Bl\u00e4tter, aus 3-5 linearischen Bl\u00e4tterchen, sind dunkelgr\u00fcn. Am Sommerende produziert es weisse rosaget\u00f6nte Bl\u00fcten.<\/p>\n","protected":false},"featured_media":1746,"template":"","meta":{"_acf_changed":false},"product_brand":[],"product_cat":[8816],"product_tag":[10898],"class_list":{"0":"post-14878","1":"product","2":"type-product","3":"status-publish","4":"has-post-thumbnail","6":"product_cat-hartnaeckige-baeume-und-straeucher","7":"product_tag-naturlichen","8":"pa_altezza-massima-200-de","9":"pa_altezza-massima-300-de","10":"pa_colore-fioritura-weis","11":"pa_condizionamento-clt-de","12":"pa_condizionamento-jungplanzen","13":"pa_famiglia-rutaceae-de","14":"pa_genere-choisya-de","15":"pa_origine-mexiko","16":"pa_periodo-fioritura-august-de","17":"pa_periodo-fioritura-september-de","18":"pa_portamento-arrotondato-de","19":"pa_profumo-zart","20":"pa_resistenza-climatica-mittel-hoch","21":"pa_salinita-bestaendigkeit-in-meeresluft","22":"pa_utilizzo-kleine-gaerten","24":"first","25":"instock","26":"purchasable","27":"product-type-simple"},"acf":[],"_links":{"self":[{"href":"https:\/\/innocentiemangonipiante.it\/de\/wp-json\/wp\/v2\/product\/14878","targetHints":{"allow":["GET"]}}],"collection":[{"href":"https:\/\/innocentiemangonipiante.it\/de\/wp-json\/wp\/v2\/product"}],"about":[{"href":"https:\/\/innocentiemangonipiante.it\/de\/wp-json\/wp\/v2\/types\/product"}],"wp:featuredmedia":[{"embeddable":true,"href":"https:\/\/innocentiemangonipiante.it\/de\/wp-json\/wp\/v2\/media\/1746"}],"wp:attachment":[{"href":"https:\/\/innocentiemangonipiante.it\/de\/wp-json\/wp\/v2\/media?parent=14878"}],"wp:term":[{"taxonomy":"product_brand","embeddable":true,"href":"https:\/\/innocentiemangonipiante.it\/de\/wp-json\/wp\/v2\/product_brand?post=14878"},{"taxonomy":"product_cat","embeddable":true,"href":"https:\/\/innocentiemangonipiante.it\/de\/wp-json\/wp\/v2\/product_cat?post=14878"},{"taxonomy":"product_tag","embeddable":true,"href":"https:\/\/innocentiemangonipiante.it\/de\/wp-json\/wp\/v2\/product_tag?post=14878"}],"curies":[{"name":"wp","href":"https:\/\/api.w.org\/{rel}","templated":true}]}}