{"id":14881,"date":"2023-11-04T00:14:25","date_gmt":"2023-11-03T23:14:25","guid":{"rendered":"http:\/\/innocentiemangonipiante.it\/cinnamomum-camphora\/"},"modified":"2023-11-06T17:53:08","modified_gmt":"2023-11-06T16:53:08","slug":"cinnamomum-camphora","status":"publish","type":"product","link":"https:\/\/innocentiemangonipiante.it\/de\/cinnamomum-camphora\/","title":{"rendered":"CINNAMOMUM camphora"},"content":{"rendered":"<p>Immergr\u00fcner ausladender Baum oder gro\u00dfer Strauch. Eif\u00f6rmige bis 10 cm lange Bl\u00e4tter mit deutlicher Rippenbildung, bronzefarben bei der Jungpflanze, dann gr\u00fcn bis dunkelgr\u00fcn und sp\u00e4ter gl\u00e4nzend. Von Fr\u00fchjahrsbeginn bis zum Sommer bl\u00fchen kleine gelbe kelchf\u00f6rmige Bl\u00fcten, in kleinen B\u00fcscheln von 5 bis 6 Bl\u00fcten, die beerenf\u00f6rmige schwarze Fr\u00fcchte hervorbringen.<\/p>\n","protected":false},"excerpt":{"rendered":"<p>Immergr\u00fcner ausladender Baum oder gro\u00dfer Strauch. Eif\u00f6rmige bis 10 cm lange Bl\u00e4tter mit deutlicher Rippenbildung, bronzefarben bei der Jungpflanze, dann gr\u00fcn bis dunkelgr\u00fcn und sp\u00e4ter gl\u00e4nzend. Von Fr\u00fchjahrsbeginn bis zum Sommer bl\u00fchen kleine gelbe kelchf\u00f6rmige Bl\u00fcten, in kleinen B\u00fcscheln von 5 bis 6 Bl\u00fcten, die beerenf\u00f6rmige schwarze Fr\u00fcchte hervorbringen.<\/p>\n","protected":false},"featured_media":1764,"template":"","meta":{"_acf_changed":false},"product_brand":[],"product_cat":[8816,9231],"product_tag":[10898,8401,8498],"class_list":{"0":"post-14881","1":"product","2":"type-product","3":"status-publish","4":"has-post-thumbnail","6":"product_cat-hartnaeckige-baeume-und-straeucher","7":"product_cat-baume-und-pflanzen-der-zukunft","8":"product_tag-naturlichen","9":"product_tag-hochstamm","10":"product_tag-mehrstammig-mit-schirmformiger-krone","11":"pa_altezza-massima-15-meter","12":"pa_altezza-massima-25-meter","13":"pa_colore-fioritura-gelbe","14":"pa_condizionamento-clt-de","15":"pa_condizionamento-jungplanzen","16":"pa_famiglia-lauraceae-de","17":"pa_genere-cinnamomum-de","18":"pa_origine-ostasien","19":"pa_periodo-fioritura-april-de","20":"pa_periodo-fioritura-juli","21":"pa_periodo-fioritura-juni","22":"pa_periodo-fioritura-mai-de","23":"pa_periodo-fruttificazione-september-de","24":"pa_portamento-arrotondato-de","25":"pa_resistenza-climatica-mittel","26":"pa_resistenza-del-suolo-bestandig-gegen-trockene-boden","27":"pa_utilizzo-parks-de","29":"first","30":"instock","31":"purchasable","32":"product-type-simple"},"acf":[],"_links":{"self":[{"href":"https:\/\/innocentiemangonipiante.it\/de\/wp-json\/wp\/v2\/product\/14881","targetHints":{"allow":["GET"]}}],"collection":[{"href":"https:\/\/innocentiemangonipiante.it\/de\/wp-json\/wp\/v2\/product"}],"about":[{"href":"https:\/\/innocentiemangonipiante.it\/de\/wp-json\/wp\/v2\/types\/product"}],"wp:featuredmedia":[{"embeddable":true,"href":"https:\/\/innocentiemangonipiante.it\/de\/wp-json\/wp\/v2\/media\/1764"}],"wp:attachment":[{"href":"https:\/\/innocentiemangonipiante.it\/de\/wp-json\/wp\/v2\/media?parent=14881"}],"wp:term":[{"taxonomy":"product_brand","embeddable":true,"href":"https:\/\/innocentiemangonipiante.it\/de\/wp-json\/wp\/v2\/product_brand?post=14881"},{"taxonomy":"product_cat","embeddable":true,"href":"https:\/\/innocentiemangonipiante.it\/de\/wp-json\/wp\/v2\/product_cat?post=14881"},{"taxonomy":"product_tag","embeddable":true,"href":"https:\/\/innocentiemangonipiante.it\/de\/wp-json\/wp\/v2\/product_tag?post=14881"}],"curies":[{"name":"wp","href":"https:\/\/api.w.org\/{rel}","templated":true}]}}