{"id":14882,"date":"2023-11-04T00:14:50","date_gmt":"2023-11-03T23:14:50","guid":{"rendered":"http:\/\/innocentiemangonipiante.it\/cistus-in-varieta\/"},"modified":"2023-11-06T17:53:22","modified_gmt":"2023-11-06T16:53:22","slug":"cistus-in-varieta","status":"publish","type":"product","link":"https:\/\/innocentiemangonipiante.it\/de\/cistus-in-varieta\/","title":{"rendered":"CISTUS in variet\u00e0"},"content":{"rendered":"<p>Von dieser Gattung gibt es etwa 20 Arten immergr\u00fcner B\u00fcschen mit pr\u00e4chtigen Bl\u00fcten, gew\u00f6hnlich mit 5 Kronbl\u00e4ttern, die zu Sommerbeginn in den verschiedensten Farben bl\u00fchen: Vor allem f\u00fcr Zierstreifen in praller Sonne geeignet.<\/p>\n","protected":false},"excerpt":{"rendered":"<p>Von dieser Gattung gibt es etwa 20 Arten immergr\u00fcner B\u00fcschen mit pr\u00e4chtigen Bl\u00fcten, gew\u00f6hnlich mit 5 Kronbl\u00e4ttern, die zu Sommerbeginn in den verschiedensten Farben bl\u00fchen: Vor allem f\u00fcr Zierstreifen in praller Sonne geeignet.<\/p>\n","protected":false},"featured_media":1770,"template":"","meta":{"_acf_changed":false},"product_brand":[],"product_cat":[8816],"product_tag":[10898],"class_list":{"0":"post-14882","1":"product","2":"type-product","3":"status-publish","4":"has-post-thumbnail","6":"product_cat-hartnaeckige-baeume-und-straeucher","7":"product_tag-naturlichen","8":"pa_altezza-massima-100-de","9":"pa_altezza-massima-150-de","10":"pa_condizionamento-clt-de","11":"pa_famiglia-cistaceae-de","12":"pa_genere-cistus-de","13":"pa_origine-nordafrika","14":"pa_portamento-arrotondato-de","15":"pa_profumo-zart","16":"pa_resistenza-climatica-mittel-hoch","17":"pa_resistenza-del-suolo-bestandig-gegen-kalkhaltige-boden","18":"pa_resistenza-del-suolo-bestandig-gegen-trockene-boden","19":"pa_salinita-bestaendigkeit-in-meeresluft","20":"pa_utilizzo-balkone","21":"pa_utilizzo-bordueren","22":"pa_utilizzo-kleine-gaerten","24":"first","25":"instock","26":"purchasable","27":"product-type-simple"},"acf":[],"_links":{"self":[{"href":"https:\/\/innocentiemangonipiante.it\/de\/wp-json\/wp\/v2\/product\/14882","targetHints":{"allow":["GET"]}}],"collection":[{"href":"https:\/\/innocentiemangonipiante.it\/de\/wp-json\/wp\/v2\/product"}],"about":[{"href":"https:\/\/innocentiemangonipiante.it\/de\/wp-json\/wp\/v2\/types\/product"}],"wp:featuredmedia":[{"embeddable":true,"href":"https:\/\/innocentiemangonipiante.it\/de\/wp-json\/wp\/v2\/media\/1770"}],"wp:attachment":[{"href":"https:\/\/innocentiemangonipiante.it\/de\/wp-json\/wp\/v2\/media?parent=14882"}],"wp:term":[{"taxonomy":"product_brand","embeddable":true,"href":"https:\/\/innocentiemangonipiante.it\/de\/wp-json\/wp\/v2\/product_brand?post=14882"},{"taxonomy":"product_cat","embeddable":true,"href":"https:\/\/innocentiemangonipiante.it\/de\/wp-json\/wp\/v2\/product_cat?post=14882"},{"taxonomy":"product_tag","embeddable":true,"href":"https:\/\/innocentiemangonipiante.it\/de\/wp-json\/wp\/v2\/product_tag?post=14882"}],"curies":[{"name":"wp","href":"https:\/\/api.w.org\/{rel}","templated":true}]}}