{"id":14883,"date":"2023-11-04T00:17:06","date_gmt":"2023-11-03T23:17:06","guid":{"rendered":"http:\/\/innocentiemangonipiante.it\/cladrastis-lutea\/"},"modified":"2023-11-06T17:54:46","modified_gmt":"2023-11-06T16:54:46","slug":"cladrastis-lutea","status":"publish","type":"product","link":"https:\/\/innocentiemangonipiante.it\/de\/cladrastis-lutea\/","title":{"rendered":"CLADRASTIS lutea"},"content":{"rendered":"<p>Mittelgro\u00dfer Baum mit 7- bis 9-bl\u00e4ttrigen, dunkelgr\u00fcnen Bl\u00e4ttern in ovaler Form, die im Herbst gelb werden. Zum Sommeranfang bringt er wei\u00dfe Bl\u00fctentrauben hervor.<\/p>\n","protected":false},"excerpt":{"rendered":"<p>Mittelgro\u00dfer Baum mit 7- bis 9-bl\u00e4ttrigen, dunkelgr\u00fcnen Bl\u00e4ttern in ovaler Form, die im Herbst gelb werden. Zum Sommeranfang bringt er wei\u00dfe Bl\u00fctentrauben hervor.<\/p>\n","protected":false},"featured_media":1776,"template":"","meta":{"_acf_changed":false},"product_brand":[],"product_cat":[8813],"product_tag":[10898,8401],"class_list":{"0":"post-14883","1":"product","2":"type-product","3":"status-publish","4":"has-post-thumbnail","6":"product_cat-laubbaume-und-straucher","7":"product_tag-naturlichen","8":"product_tag-hochstamm","9":"pa_altezza-massima-1000-de-2","10":"pa_altezza-massima-15-meter","11":"pa_colore-fioritura-weis","12":"pa_condizionamento-clt-de","13":"pa_condizionamento-m-de","14":"pa_famiglia-leguminosae-de","15":"pa_genere-cladrastis-de","16":"pa_inquinamento-bestaendigkeit-gegen-smog","17":"pa_origine-u-s-a","18":"pa_periodo-fioritura-juni","19":"pa_portamento-arrotondato-de","20":"pa_resistenza-climatica-sehr-hoch","21":"pa_resistenza-del-suolo-bestandig-gegen-trockene-boden","22":"pa_utilizzo-parks-de","24":"first","25":"instock","26":"purchasable","27":"product-type-simple"},"acf":[],"_links":{"self":[{"href":"https:\/\/innocentiemangonipiante.it\/de\/wp-json\/wp\/v2\/product\/14883","targetHints":{"allow":["GET"]}}],"collection":[{"href":"https:\/\/innocentiemangonipiante.it\/de\/wp-json\/wp\/v2\/product"}],"about":[{"href":"https:\/\/innocentiemangonipiante.it\/de\/wp-json\/wp\/v2\/types\/product"}],"wp:featuredmedia":[{"embeddable":true,"href":"https:\/\/innocentiemangonipiante.it\/de\/wp-json\/wp\/v2\/media\/1776"}],"wp:attachment":[{"href":"https:\/\/innocentiemangonipiante.it\/de\/wp-json\/wp\/v2\/media?parent=14883"}],"wp:term":[{"taxonomy":"product_brand","embeddable":true,"href":"https:\/\/innocentiemangonipiante.it\/de\/wp-json\/wp\/v2\/product_brand?post=14883"},{"taxonomy":"product_cat","embeddable":true,"href":"https:\/\/innocentiemangonipiante.it\/de\/wp-json\/wp\/v2\/product_cat?post=14883"},{"taxonomy":"product_tag","embeddable":true,"href":"https:\/\/innocentiemangonipiante.it\/de\/wp-json\/wp\/v2\/product_tag?post=14883"}],"curies":[{"name":"wp","href":"https:\/\/api.w.org\/{rel}","templated":true}]}}