{"id":14885,"date":"2023-11-04T00:17:15","date_gmt":"2023-11-03T23:17:15","guid":{"rendered":"http:\/\/innocentiemangonipiante.it\/clematis-armandii\/"},"modified":"2023-11-06T17:54:52","modified_gmt":"2023-11-06T16:54:52","slug":"clematis-armandii","status":"publish","type":"product","link":"https:\/\/innocentiemangonipiante.it\/de\/clematis-armandii\/","title":{"rendered":"CLEMATIS armandii"},"content":{"rendered":"<p>Immergr\u00fcne Kletterpflanze. Fr\u00fchzeitige wohlriechende weisse Bl\u00fcte.<\/p>\n","protected":false},"excerpt":{"rendered":"<p>Immergr\u00fcne Kletterpflanze. Fr\u00fchzeitige wohlriechende weisse Bl\u00fcte.<\/p>\n","protected":false},"featured_media":1782,"template":"","meta":{"_acf_changed":false},"product_brand":[],"product_cat":[8837],"product_tag":[10898,8751],"class_list":{"0":"post-14885","1":"product","2":"type-product","3":"status-publish","4":"has-post-thumbnail","6":"product_cat-schlingpflanzen","7":"product_tag-naturlichen","8":"product_tag-spalier","9":"pa_altezza-massima-300-de","10":"pa_altezza-massima-500-de","11":"pa_colore-fioritura-weis","12":"pa_condizionamento-clt-de","13":"pa_condizionamento-viereckigertops","14":"pa_famiglia-ramunculaceae-de","15":"pa_genere-clematis-de","16":"pa_origine-ostasien","17":"pa_periodo-fioritura-april-de","18":"pa_periodo-fioritura-mai-de","19":"pa_periodo-fioritura-maerz","20":"pa_portamento-schlingpflanze","21":"pa_profumo-intensiv","22":"pa_resistenza-climatica-mittel-hoch","23":"pa_resistenza-del-suolo-bestandig-gegen-kalkhaltige-boden","24":"pa_utilizzo-balkone","25":"pa_utilizzo-kleine-gaerten","27":"first","28":"instock","29":"purchasable","30":"product-type-simple"},"acf":[],"_links":{"self":[{"href":"https:\/\/innocentiemangonipiante.it\/de\/wp-json\/wp\/v2\/product\/14885","targetHints":{"allow":["GET"]}}],"collection":[{"href":"https:\/\/innocentiemangonipiante.it\/de\/wp-json\/wp\/v2\/product"}],"about":[{"href":"https:\/\/innocentiemangonipiante.it\/de\/wp-json\/wp\/v2\/types\/product"}],"wp:featuredmedia":[{"embeddable":true,"href":"https:\/\/innocentiemangonipiante.it\/de\/wp-json\/wp\/v2\/media\/1782"}],"wp:attachment":[{"href":"https:\/\/innocentiemangonipiante.it\/de\/wp-json\/wp\/v2\/media?parent=14885"}],"wp:term":[{"taxonomy":"product_brand","embeddable":true,"href":"https:\/\/innocentiemangonipiante.it\/de\/wp-json\/wp\/v2\/product_brand?post=14885"},{"taxonomy":"product_cat","embeddable":true,"href":"https:\/\/innocentiemangonipiante.it\/de\/wp-json\/wp\/v2\/product_cat?post=14885"},{"taxonomy":"product_tag","embeddable":true,"href":"https:\/\/innocentiemangonipiante.it\/de\/wp-json\/wp\/v2\/product_tag?post=14885"}],"curies":[{"name":"wp","href":"https:\/\/api.w.org\/{rel}","templated":true}]}}