{"id":14886,"date":"2023-11-04T00:17:57","date_gmt":"2023-11-03T23:17:57","guid":{"rendered":"http:\/\/innocentiemangonipiante.it\/convolvulus-cneorum\/"},"modified":"2023-11-06T17:55:09","modified_gmt":"2023-11-06T16:55:09","slug":"convolvulus-cneorum","status":"publish","type":"product","link":"https:\/\/innocentiemangonipiante.it\/de\/convolvulus-cneorum\/","title":{"rendered":"CONVOLVULUS cneorum"},"content":{"rendered":"<p>Kompakter, rundlicher, b\u00fcschiger Strauch, mit silbergr\u00fcnen von 3 bis 6 cm langen Bl\u00e4ttern. Vom Fr\u00fchlingsende bis zum Sommer tr\u00e4gt er weisse trichterf\u00f6rmige, bis 4 cm langen Bl\u00fcten, mit einem gelben Herz.<\/p>\n","protected":false},"excerpt":{"rendered":"<p>Kompakter, rundlicher, b\u00fcschiger Strauch, mit silbergr\u00fcnen von 3 bis 6 cm langen Bl\u00e4ttern. Vom Fr\u00fchlingsende bis zum Sommer tr\u00e4gt er weisse trichterf\u00f6rmige, bis 4 cm langen Bl\u00fcten, mit einem gelben Herz.<\/p>\n","protected":false},"featured_media":1790,"template":"","meta":{"_acf_changed":false},"product_brand":[],"product_cat":[8816],"product_tag":[10898],"class_list":{"0":"post-14886","1":"product","2":"type-product","3":"status-publish","4":"has-post-thumbnail","6":"product_cat-hartnaeckige-baeume-und-straeucher","7":"product_tag-naturlichen","8":"pa_altezza-massima-0_50-meter","9":"pa_altezza-massima-0_75-meter","10":"pa_colore-delle-foglie-grauen","11":"pa_colore-fioritura-weis","12":"pa_condizionamento-clt-de","13":"pa_famiglia-convolvulaceae-de","14":"pa_genere-convolvulus-de","15":"pa_origine-europaischen-mittelmeeres","16":"pa_periodo-fioritura-august-de","17":"pa_periodo-fioritura-juli","18":"pa_periodo-fioritura-juni","19":"pa_periodo-fioritura-mai-de","20":"pa_portamento-arrotondato-de","21":"pa_resistenza-climatica-mittel","22":"pa_resistenza-del-suolo-bestandig-gegen-kalkhaltige-boden","23":"pa_resistenza-del-suolo-bestandig-gegen-trockene-boden","24":"pa_salinita-bestaendigkeit-in-meeresluft","25":"pa_utilizzo-balkone","26":"pa_utilizzo-kleine-gaerten","28":"first","29":"instock","30":"purchasable","31":"product-type-simple"},"acf":[],"_links":{"self":[{"href":"https:\/\/innocentiemangonipiante.it\/de\/wp-json\/wp\/v2\/product\/14886","targetHints":{"allow":["GET"]}}],"collection":[{"href":"https:\/\/innocentiemangonipiante.it\/de\/wp-json\/wp\/v2\/product"}],"about":[{"href":"https:\/\/innocentiemangonipiante.it\/de\/wp-json\/wp\/v2\/types\/product"}],"wp:featuredmedia":[{"embeddable":true,"href":"https:\/\/innocentiemangonipiante.it\/de\/wp-json\/wp\/v2\/media\/1790"}],"wp:attachment":[{"href":"https:\/\/innocentiemangonipiante.it\/de\/wp-json\/wp\/v2\/media?parent=14886"}],"wp:term":[{"taxonomy":"product_brand","embeddable":true,"href":"https:\/\/innocentiemangonipiante.it\/de\/wp-json\/wp\/v2\/product_brand?post=14886"},{"taxonomy":"product_cat","embeddable":true,"href":"https:\/\/innocentiemangonipiante.it\/de\/wp-json\/wp\/v2\/product_cat?post=14886"},{"taxonomy":"product_tag","embeddable":true,"href":"https:\/\/innocentiemangonipiante.it\/de\/wp-json\/wp\/v2\/product_tag?post=14886"}],"curies":[{"name":"wp","href":"https:\/\/api.w.org\/{rel}","templated":true}]}}