{"id":14887,"date":"2023-11-04T00:20:33","date_gmt":"2023-11-03T23:20:33","guid":{"rendered":"http:\/\/innocentiemangonipiante.it\/cordyline-australis-torbay-dazzler\/"},"modified":"2023-11-06T17:56:49","modified_gmt":"2023-11-06T16:56:49","slug":"cordyline-australis-torbay-dazzler","status":"publish","type":"product","link":"https:\/\/innocentiemangonipiante.it\/de\/cordyline-australis-torbay-dazzler\/","title":{"rendered":"CORDYLINE australis &#8218;Torbay Dazzler&#8216;"},"content":{"rendered":"<p>Die jungen Bl\u00e4tter sind \u00fcberraschend sch\u00f6n rosa und bronzenfarben gestreift, dann werden diese T\u00f6ne weicher.<\/p>\n","protected":false},"excerpt":{"rendered":"<p>Die jungen Bl\u00e4tter sind \u00fcberraschend sch\u00f6n rosa und bronzenfarben gestreift, dann werden diese T\u00f6ne weicher.<\/p>\n","protected":false},"featured_media":1849,"template":"","meta":{"_acf_changed":false},"product_brand":[],"product_cat":[8832],"product_tag":[10898],"class_list":{"0":"post-14887","1":"product","2":"type-product","3":"status-publish","4":"has-post-thumbnail","6":"product_cat-palmartig-und-saftig","7":"product_tag-naturlichen","8":"pa_altezza-massima-800-de","9":"pa_altezza-massima-12-meter","10":"pa_colore-delle-foglie-vielfaeltigen","11":"pa_condizionamento-clt-de","12":"pa_condizionamento-jungplanzen","13":"pa_condizionamento-viereckigertops","14":"pa_famiglia-agavaceae-de","15":"pa_genere-cordyline-de","16":"pa_origine-neuseeland-de","17":"pa_portamento-eretto-de","18":"pa_resistenza-climatica-mittel","19":"pa_resistenza-del-suolo-bestandig-gegen-kalkhaltige-boden","20":"pa_resistenza-del-suolo-bestandig-gegen-trockene-boden","21":"pa_salinita-bestaendigkeit-in-meeresluft","22":"pa_utilizzo-kleine-gaerten","23":"pa_utilizzo-parks-de","25":"first","26":"instock","27":"purchasable","28":"product-type-simple"},"acf":[],"_links":{"self":[{"href":"https:\/\/innocentiemangonipiante.it\/de\/wp-json\/wp\/v2\/product\/14887","targetHints":{"allow":["GET"]}}],"collection":[{"href":"https:\/\/innocentiemangonipiante.it\/de\/wp-json\/wp\/v2\/product"}],"about":[{"href":"https:\/\/innocentiemangonipiante.it\/de\/wp-json\/wp\/v2\/types\/product"}],"wp:featuredmedia":[{"embeddable":true,"href":"https:\/\/innocentiemangonipiante.it\/de\/wp-json\/wp\/v2\/media\/1849"}],"wp:attachment":[{"href":"https:\/\/innocentiemangonipiante.it\/de\/wp-json\/wp\/v2\/media?parent=14887"}],"wp:term":[{"taxonomy":"product_brand","embeddable":true,"href":"https:\/\/innocentiemangonipiante.it\/de\/wp-json\/wp\/v2\/product_brand?post=14887"},{"taxonomy":"product_cat","embeddable":true,"href":"https:\/\/innocentiemangonipiante.it\/de\/wp-json\/wp\/v2\/product_cat?post=14887"},{"taxonomy":"product_tag","embeddable":true,"href":"https:\/\/innocentiemangonipiante.it\/de\/wp-json\/wp\/v2\/product_tag?post=14887"}],"curies":[{"name":"wp","href":"https:\/\/api.w.org\/{rel}","templated":true}]}}