{"id":14893,"date":"2023-11-04T00:18:13","date_gmt":"2023-11-03T23:18:13","guid":{"rendered":"http:\/\/innocentiemangonipiante.it\/cordyline-australis-atropurpurea\/"},"modified":"2023-11-06T17:55:17","modified_gmt":"2023-11-06T16:55:17","slug":"cordyline-australis-atropurpurea","status":"publish","type":"product","link":"https:\/\/innocentiemangonipiante.it\/de\/cordyline-australis-atropurpurea\/","title":{"rendered":"CORDYLINE australis &#8218;Atropurpurea&#8216;"},"content":{"rendered":"<p>Gr\u00fcn-purpurfarbene bis intensiv purpurfarbene Bl\u00e4tter. \u00c4hnliche Eigenschaften wie die der Grundsorte.<\/p>\n","protected":false},"excerpt":{"rendered":"<p>Gr\u00fcn-purpurfarbene bis intensiv purpurfarbene Bl\u00e4tter. \u00c4hnliche Eigenschaften wie die der Grundsorte.<\/p>\n","protected":false},"featured_media":1807,"template":"","meta":{"_acf_changed":false},"product_brand":[],"product_cat":[8832],"product_tag":[10898],"class_list":{"0":"post-14893","1":"product","2":"type-product","3":"status-publish","4":"has-post-thumbnail","6":"product_cat-palmartig-und-saftig","7":"product_tag-naturlichen","8":"pa_altezza-massima-300-de","9":"pa_altezza-massima-500-de","10":"pa_colore-delle-foglie-vielfaeltigen","11":"pa_colore-fioritura-weis","12":"pa_famiglia-agavaceae-de","13":"pa_genere-cordyline-de","14":"pa_origine-neuseeland-de","15":"pa_periodo-fioritura-april-de","16":"pa_periodo-fioritura-maerz","17":"pa_portamento-eretto-de","18":"pa_resistenza-climatica-mittel","19":"pa_resistenza-del-suolo-bestandig-gegen-kalkhaltige-boden","20":"pa_resistenza-del-suolo-bestandig-gegen-trockene-boden","21":"pa_utilizzo-kleine-gaerten","22":"pa_utilizzo-parks-de","24":"first","25":"instock","26":"purchasable","27":"product-type-simple"},"acf":[],"_links":{"self":[{"href":"https:\/\/innocentiemangonipiante.it\/de\/wp-json\/wp\/v2\/product\/14893","targetHints":{"allow":["GET"]}}],"collection":[{"href":"https:\/\/innocentiemangonipiante.it\/de\/wp-json\/wp\/v2\/product"}],"about":[{"href":"https:\/\/innocentiemangonipiante.it\/de\/wp-json\/wp\/v2\/types\/product"}],"wp:featuredmedia":[{"embeddable":true,"href":"https:\/\/innocentiemangonipiante.it\/de\/wp-json\/wp\/v2\/media\/1807"}],"wp:attachment":[{"href":"https:\/\/innocentiemangonipiante.it\/de\/wp-json\/wp\/v2\/media?parent=14893"}],"wp:term":[{"taxonomy":"product_brand","embeddable":true,"href":"https:\/\/innocentiemangonipiante.it\/de\/wp-json\/wp\/v2\/product_brand?post=14893"},{"taxonomy":"product_cat","embeddable":true,"href":"https:\/\/innocentiemangonipiante.it\/de\/wp-json\/wp\/v2\/product_cat?post=14893"},{"taxonomy":"product_tag","embeddable":true,"href":"https:\/\/innocentiemangonipiante.it\/de\/wp-json\/wp\/v2\/product_tag?post=14893"}],"curies":[{"name":"wp","href":"https:\/\/api.w.org\/{rel}","templated":true}]}}