{"id":14894,"date":"2023-11-04T00:18:06","date_gmt":"2023-11-03T23:18:06","guid":{"rendered":"http:\/\/innocentiemangonipiante.it\/cordyline-australis\/"},"modified":"2023-11-06T17:55:11","modified_gmt":"2023-11-06T16:55:11","slug":"cordyline-australis","status":"publish","type":"product","link":"https:\/\/innocentiemangonipiante.it\/de\/cordyline-australis\/","title":{"rendered":"CORDYLINE australis"},"content":{"rendered":"<p>Aufrechter, immergr\u00fcner, palmen\u00e4hnlicher Baum. Die gekr\u00fcmmten, lanzettartigen bis linealischen, sich oft nach unten neigenden Bl\u00e4tter werden 40-80 cm lang, sind gr\u00fcn bis hellgr\u00fcn und wachsen kreisf\u00f6rmig um die Hauptst\u00e4mme. Im Sommer sprie\u00dfen 80-90 cm gro\u00dfe Rispen mit kleinen wei\u00dfen-cremefarbenen Bl\u00fcten.<\/p>\n","protected":false},"excerpt":{"rendered":"<p>Aufrechter, immergr\u00fcner, palmen\u00e4hnlicher Baum. Die gekr\u00fcmmten, lanzettartigen bis linealischen, sich oft nach unten neigenden Bl\u00e4tter werden 40-80 cm lang, sind gr\u00fcn bis hellgr\u00fcn und wachsen kreisf\u00f6rmig um die Hauptst\u00e4mme. Im Sommer sprie\u00dfen 80-90 cm gro\u00dfe Rispen mit kleinen wei\u00dfen-cremefarbenen Bl\u00fcten.<\/p>\n","protected":false},"featured_media":1796,"template":"","meta":{"_acf_changed":false},"product_brand":[],"product_cat":[8832,9231],"product_tag":[10898,8597],"class_list":{"0":"post-14894","1":"product","2":"type-product","3":"status-publish","4":"has-post-thumbnail","6":"product_cat-palmartig-und-saftig","7":"product_cat-baume-und-pflanzen-der-zukunft","8":"product_tag-naturlichen","9":"product_tag-multistamm","10":"pa_altezza-massima-800-de","11":"pa_altezza-massima-1000-de-2","12":"pa_colore-fioritura-weis","13":"pa_condizionamento-clt-de","14":"pa_condizionamento-jungplanzen","15":"pa_condizionamento-schale","16":"pa_famiglia-agavaceae-de","17":"pa_genere-cordyline-de","18":"pa_origine-neuseeland-de","19":"pa_periodo-fioritura-april-de","20":"pa_periodo-fioritura-maerz","21":"pa_portamento-eretto-de","22":"pa_resistenza-climatica-mittel-hoch","23":"pa_resistenza-del-suolo-bestandig-gegen-kalkhaltige-boden","24":"pa_resistenza-del-suolo-bestandig-gegen-trockene-boden","25":"pa_salinita-bestaendigkeit-in-meeresluft","26":"pa_utilizzo-kleine-gaerten","27":"pa_utilizzo-parks-de","29":"first","30":"instock","31":"purchasable","32":"product-type-simple"},"acf":[],"_links":{"self":[{"href":"https:\/\/innocentiemangonipiante.it\/de\/wp-json\/wp\/v2\/product\/14894","targetHints":{"allow":["GET"]}}],"collection":[{"href":"https:\/\/innocentiemangonipiante.it\/de\/wp-json\/wp\/v2\/product"}],"about":[{"href":"https:\/\/innocentiemangonipiante.it\/de\/wp-json\/wp\/v2\/types\/product"}],"wp:featuredmedia":[{"embeddable":true,"href":"https:\/\/innocentiemangonipiante.it\/de\/wp-json\/wp\/v2\/media\/1796"}],"wp:attachment":[{"href":"https:\/\/innocentiemangonipiante.it\/de\/wp-json\/wp\/v2\/media?parent=14894"}],"wp:term":[{"taxonomy":"product_brand","embeddable":true,"href":"https:\/\/innocentiemangonipiante.it\/de\/wp-json\/wp\/v2\/product_brand?post=14894"},{"taxonomy":"product_cat","embeddable":true,"href":"https:\/\/innocentiemangonipiante.it\/de\/wp-json\/wp\/v2\/product_cat?post=14894"},{"taxonomy":"product_tag","embeddable":true,"href":"https:\/\/innocentiemangonipiante.it\/de\/wp-json\/wp\/v2\/product_tag?post=14894"}],"curies":[{"name":"wp","href":"https:\/\/api.w.org\/{rel}","templated":true}]}}