{"id":14897,"date":"2023-11-04T00:21:49","date_gmt":"2023-11-03T23:21:49","guid":{"rendered":"http:\/\/innocentiemangonipiante.it\/cornus-alternifolia-argentea\/"},"modified":"2023-11-06T17:57:44","modified_gmt":"2023-11-06T16:57:44","slug":"cornus-alternifolia-argentea","status":"publish","type":"product","link":"https:\/\/innocentiemangonipiante.it\/de\/cornus-alternifolia-argentea\/","title":{"rendered":"CORNUS alternifolia &#8218;Argentea&#8216;"},"content":{"rendered":"<p>Kleiner sommergr\u00fcner Baum mit ausladenden \u00c4sten in regelm\u00e4\u00dfigen stufenf\u00f6rmigen Etagen. 8 Cm-lange weissger\u00e4nderte Bl\u00e4tter.<\/p>\n","protected":false},"excerpt":{"rendered":"<p>Kleiner sommergr\u00fcner Baum mit ausladenden \u00c4sten in regelm\u00e4\u00dfigen stufenf\u00f6rmigen Etagen. 8 Cm-lange weissger\u00e4nderte Bl\u00e4tter.<\/p>\n","protected":false},"featured_media":1879,"template":"","meta":{"_acf_changed":false},"product_brand":[],"product_cat":[8813],"product_tag":[10898],"class_list":{"0":"post-14897","1":"product","2":"type-product","3":"status-publish","4":"has-post-thumbnail","6":"product_cat-laubbaume-und-straucher","7":"product_tag-naturlichen","8":"pa_altezza-massima-200-de","9":"pa_altezza-massima-300-de","10":"pa_colore-delle-foglie-vielfaeltigen","11":"pa_colore-fioritura-weis","12":"pa_condizionamento-clt-de","13":"pa_condizionamento-schale","14":"pa_famiglia-cornaceae-de","15":"pa_genere-cornus-de","16":"pa_origine-u-s-a","17":"pa_periodo-fioritura-april-de","18":"pa_periodo-fioritura-mai-de","19":"pa_periodo-fruttificazione-oktober","20":"pa_portamento-allargato-de","21":"pa_resistenza-climatica-mittel-hoch","22":"pa_utilizzo-kleine-gaerten","23":"pa_utilizzo-parks-de","25":"first","26":"instock","27":"purchasable","28":"product-type-simple"},"acf":[],"_links":{"self":[{"href":"https:\/\/innocentiemangonipiante.it\/de\/wp-json\/wp\/v2\/product\/14897","targetHints":{"allow":["GET"]}}],"collection":[{"href":"https:\/\/innocentiemangonipiante.it\/de\/wp-json\/wp\/v2\/product"}],"about":[{"href":"https:\/\/innocentiemangonipiante.it\/de\/wp-json\/wp\/v2\/types\/product"}],"wp:featuredmedia":[{"embeddable":true,"href":"https:\/\/innocentiemangonipiante.it\/de\/wp-json\/wp\/v2\/media\/1879"}],"wp:attachment":[{"href":"https:\/\/innocentiemangonipiante.it\/de\/wp-json\/wp\/v2\/media?parent=14897"}],"wp:term":[{"taxonomy":"product_brand","embeddable":true,"href":"https:\/\/innocentiemangonipiante.it\/de\/wp-json\/wp\/v2\/product_brand?post=14897"},{"taxonomy":"product_cat","embeddable":true,"href":"https:\/\/innocentiemangonipiante.it\/de\/wp-json\/wp\/v2\/product_cat?post=14897"},{"taxonomy":"product_tag","embeddable":true,"href":"https:\/\/innocentiemangonipiante.it\/de\/wp-json\/wp\/v2\/product_tag?post=14897"}],"curies":[{"name":"wp","href":"https:\/\/api.w.org\/{rel}","templated":true}]}}