{"id":14898,"date":"2023-11-04T00:27:23","date_gmt":"2023-11-03T23:27:23","guid":{"rendered":"http:\/\/innocentiemangonipiante.it\/cornus-stolonifera-flaviramea\/"},"modified":"2023-11-06T18:00:48","modified_gmt":"2023-11-06T17:00:48","slug":"cornus-stolonifera-flaviramea","status":"publish","type":"product","link":"https:\/\/innocentiemangonipiante.it\/de\/cornus-stolonifera-flaviramea\/","title":{"rendered":"CORNUS stolonifera &#8218;Flaviramea&#8216;"},"content":{"rendered":"<p>Strauch mit intensiven gr\u00fcnen Bl\u00e4ttern und \u00fcberh\u00e4ngenden Wuchs und abgerundet. Das Holz in gelb-gold Farbe, ist sehr dekorativ im Winter, nachdem die Bl\u00e4tter abgefallen sind. Rustikal und anspruchslos, sowohl als Boden als auch Belichtung.<\/p>\n","protected":false},"excerpt":{"rendered":"<p>Strauch mit intensiven gr\u00fcnen Bl\u00e4ttern und \u00fcberh\u00e4ngenden Wuchs und abgerundet. Das Holz in gelb-gold Farbe, ist sehr dekorativ im Winter, nachdem die Bl\u00e4tter abgefallen sind. Rustikal und anspruchslos, sowohl als Boden als auch Belichtung.<\/p>\n","protected":false},"featured_media":1989,"template":"","meta":{"_acf_changed":false},"product_brand":[],"product_cat":[8813],"product_tag":[10898],"class_list":{"0":"post-14898","1":"product","2":"type-product","3":"status-publish","4":"has-post-thumbnail","6":"product_cat-laubbaume-und-straucher","7":"product_tag-naturlichen","8":"pa_altezza-massima-200-de","9":"pa_altezza-massima-400-de","10":"pa_colore-fioritura-weis","11":"pa_condizionamento-clt-de","12":"pa_famiglia-cornaceae-de","13":"pa_genere-cornus-de","14":"pa_origine-u-s-a","15":"pa_periodo-fioritura-april-de","16":"pa_periodo-fioritura-mai-de","17":"pa_portamento-cespuglioso-de","18":"pa_resistenza-climatica-sehr-hoch","19":"pa_utilizzo-kleine-gaerten","20":"pa_utilizzo-parks-de","22":"first","23":"instock","24":"purchasable","25":"product-type-simple"},"acf":[],"_links":{"self":[{"href":"https:\/\/innocentiemangonipiante.it\/de\/wp-json\/wp\/v2\/product\/14898","targetHints":{"allow":["GET"]}}],"collection":[{"href":"https:\/\/innocentiemangonipiante.it\/de\/wp-json\/wp\/v2\/product"}],"about":[{"href":"https:\/\/innocentiemangonipiante.it\/de\/wp-json\/wp\/v2\/types\/product"}],"wp:featuredmedia":[{"embeddable":true,"href":"https:\/\/innocentiemangonipiante.it\/de\/wp-json\/wp\/v2\/media\/1989"}],"wp:attachment":[{"href":"https:\/\/innocentiemangonipiante.it\/de\/wp-json\/wp\/v2\/media?parent=14898"}],"wp:term":[{"taxonomy":"product_brand","embeddable":true,"href":"https:\/\/innocentiemangonipiante.it\/de\/wp-json\/wp\/v2\/product_brand?post=14898"},{"taxonomy":"product_cat","embeddable":true,"href":"https:\/\/innocentiemangonipiante.it\/de\/wp-json\/wp\/v2\/product_cat?post=14898"},{"taxonomy":"product_tag","embeddable":true,"href":"https:\/\/innocentiemangonipiante.it\/de\/wp-json\/wp\/v2\/product_tag?post=14898"}],"curies":[{"name":"wp","href":"https:\/\/api.w.org\/{rel}","templated":true}]}}