{"id":14899,"date":"2023-11-04T00:26:58","date_gmt":"2023-11-03T23:26:58","guid":{"rendered":"http:\/\/innocentiemangonipiante.it\/cornus-sanguinea-midwinter-fire\/"},"modified":"2023-11-06T18:00:38","modified_gmt":"2023-11-06T17:00:38","slug":"cornus-sanguinea-midwinter-fire","status":"publish","type":"product","link":"https:\/\/innocentiemangonipiante.it\/de\/cornus-sanguinea-midwinter-fire\/","title":{"rendered":"CORNUS sanguinea &#8218;Midwinter Fire&#8216;"},"content":{"rendered":"<p>Buschiger Strauch mit gelb-orange-roten Winterzweigen und dunkelgr\u00fcnen Bl\u00e4ttern. Am Fr\u00fchlingsende\/Sommeranfang produziert es cremeweisse Bl\u00fcten, gefolgt von blau-schwarzen Beeren.<\/p>\n","protected":false},"excerpt":{"rendered":"<p>Buschiger Strauch mit gelb-orange-roten Winterzweigen und dunkelgr\u00fcnen Bl\u00e4ttern. Am Fr\u00fchlingsende\/Sommeranfang produziert es cremeweisse Bl\u00fcten, gefolgt von blau-schwarzen Beeren.<\/p>\n","protected":false},"featured_media":1983,"template":"","meta":{"_acf_changed":false},"product_brand":[],"product_cat":[8813],"product_tag":[10898],"class_list":{"0":"post-14899","1":"product","2":"type-product","3":"status-publish","4":"has-post-thumbnail","6":"product_cat-laubbaume-und-straucher","7":"product_tag-naturlichen","8":"pa_altezza-massima-150-de","9":"pa_altezza-massima-200-de","10":"pa_colore-fioritura-weis","11":"pa_condizionamento-clt-de","12":"pa_famiglia-cornaceae-de","13":"pa_genere-cornus-de","14":"pa_inquinamento-bestaendigkeit-gegen-smog","15":"pa_origine-europe-de","16":"pa_periodo-fioritura-juni","17":"pa_periodo-fioritura-mai-de","18":"pa_portamento-cespuglioso-de","19":"pa_resistenza-climatica-sehr-hoch","20":"pa_resistenza-del-suolo-bestandig-gegen-kalkhaltige-boden","21":"pa_resistenza-del-suolo-bestandig-gegen-trockene-boden","22":"pa_salinita-bestaendigkeit-in-meeresluft","23":"pa_utilizzo-kleine-gaerten","25":"first","26":"instock","27":"purchasable","28":"product-type-simple"},"acf":[],"_links":{"self":[{"href":"https:\/\/innocentiemangonipiante.it\/de\/wp-json\/wp\/v2\/product\/14899","targetHints":{"allow":["GET"]}}],"collection":[{"href":"https:\/\/innocentiemangonipiante.it\/de\/wp-json\/wp\/v2\/product"}],"about":[{"href":"https:\/\/innocentiemangonipiante.it\/de\/wp-json\/wp\/v2\/types\/product"}],"wp:featuredmedia":[{"embeddable":true,"href":"https:\/\/innocentiemangonipiante.it\/de\/wp-json\/wp\/v2\/media\/1983"}],"wp:attachment":[{"href":"https:\/\/innocentiemangonipiante.it\/de\/wp-json\/wp\/v2\/media?parent=14899"}],"wp:term":[{"taxonomy":"product_brand","embeddable":true,"href":"https:\/\/innocentiemangonipiante.it\/de\/wp-json\/wp\/v2\/product_brand?post=14899"},{"taxonomy":"product_cat","embeddable":true,"href":"https:\/\/innocentiemangonipiante.it\/de\/wp-json\/wp\/v2\/product_cat?post=14899"},{"taxonomy":"product_tag","embeddable":true,"href":"https:\/\/innocentiemangonipiante.it\/de\/wp-json\/wp\/v2\/product_tag?post=14899"}],"curies":[{"name":"wp","href":"https:\/\/api.w.org\/{rel}","templated":true}]}}