{"id":14900,"date":"2023-11-04T00:26:52","date_gmt":"2023-11-03T23:26:52","guid":{"rendered":"http:\/\/innocentiemangonipiante.it\/cornus-sanguinea-magic-flame\/"},"modified":"2023-11-06T18:00:35","modified_gmt":"2023-11-06T17:00:35","slug":"cornus-sanguinea-magic-flame","status":"publish","type":"product","link":"https:\/\/innocentiemangonipiante.it\/de\/cornus-sanguinea-magic-flame\/","title":{"rendered":"CORNUS sanguinea &#8218;Magic Flame&#8216;"},"content":{"rendered":"<p>Zweige gelb-orange im Herbst und Winter. Die mittelgr\u00fcne Bl\u00e4tter f\u00e4rben sich im Herbst gelb, orange und rot.<\/p>\n","protected":false},"excerpt":{"rendered":"<p>Zweige gelb-orange im Herbst und Winter. Die mittelgr\u00fcne Bl\u00e4tter f\u00e4rben sich im Herbst gelb, orange und rot.<\/p>\n","protected":false},"featured_media":1972,"template":"","meta":{"_acf_changed":false},"product_brand":[],"product_cat":[8813],"product_tag":[10898],"class_list":{"0":"post-14900","1":"product","2":"type-product","3":"status-publish","4":"has-post-thumbnail","6":"product_cat-laubbaume-und-straucher","7":"product_tag-naturlichen","8":"pa_altezza-massima-200-de","9":"pa_altezza-massima-300-de","10":"pa_colore-fioritura-weis","11":"pa_condizionamento-clt-de","12":"pa_famiglia-cornaceae-de","13":"pa_genere-cornus-de","14":"pa_inquinamento-bestaendigkeit-gegen-smog","15":"pa_origine-europe-de","16":"pa_periodo-fioritura-april-de","17":"pa_periodo-fioritura-mai-de","18":"pa_portamento-eretto-de","19":"pa_resistenza-climatica-sehr-hoch","20":"pa_resistenza-del-suolo-bestandigkeit-auf-feuchten-boden","21":"pa_utilizzo-kleine-gaerten","22":"pa_utilizzo-parks-de","24":"first","25":"instock","26":"purchasable","27":"product-type-simple"},"acf":[],"_links":{"self":[{"href":"https:\/\/innocentiemangonipiante.it\/de\/wp-json\/wp\/v2\/product\/14900","targetHints":{"allow":["GET"]}}],"collection":[{"href":"https:\/\/innocentiemangonipiante.it\/de\/wp-json\/wp\/v2\/product"}],"about":[{"href":"https:\/\/innocentiemangonipiante.it\/de\/wp-json\/wp\/v2\/types\/product"}],"wp:featuredmedia":[{"embeddable":true,"href":"https:\/\/innocentiemangonipiante.it\/de\/wp-json\/wp\/v2\/media\/1972"}],"wp:attachment":[{"href":"https:\/\/innocentiemangonipiante.it\/de\/wp-json\/wp\/v2\/media?parent=14900"}],"wp:term":[{"taxonomy":"product_brand","embeddable":true,"href":"https:\/\/innocentiemangonipiante.it\/de\/wp-json\/wp\/v2\/product_brand?post=14900"},{"taxonomy":"product_cat","embeddable":true,"href":"https:\/\/innocentiemangonipiante.it\/de\/wp-json\/wp\/v2\/product_cat?post=14900"},{"taxonomy":"product_tag","embeddable":true,"href":"https:\/\/innocentiemangonipiante.it\/de\/wp-json\/wp\/v2\/product_tag?post=14900"}],"curies":[{"name":"wp","href":"https:\/\/api.w.org\/{rel}","templated":true}]}}