{"id":14904,"date":"2023-11-04T00:25:45","date_gmt":"2023-11-03T23:25:45","guid":{"rendered":"http:\/\/innocentiemangonipiante.it\/cornus-kousa-satomi\/"},"modified":"2023-11-06T18:00:09","modified_gmt":"2023-11-06T17:00:09","slug":"cornus-kousa-satomi","status":"publish","type":"product","link":"https:\/\/innocentiemangonipiante.it\/de\/cornus-kousa-satomi\/","title":{"rendered":"CORNUS kousa &#8218;Satomi&#8216;"},"content":{"rendered":"<p>Ausladender sommergr\u00fcner Strauch mit aufrecht stehenden Zweigen. Das dunkelgr\u00fcne Laub f\u00e4rbt sich im Herbst dunkel purpurrot. Im Mai-Juni sprie\u00dfen reichlich dunkelrosa Bl\u00fctenbrakteen.<\/p>\n","protected":false},"excerpt":{"rendered":"<p>Ausladender sommergr\u00fcner Strauch mit aufrecht stehenden Zweigen. Das dunkelgr\u00fcne Laub f\u00e4rbt sich im Herbst dunkel purpurrot. Im Mai-Juni sprie\u00dfen reichlich dunkelrosa Bl\u00fctenbrakteen.<\/p>\n","protected":false},"featured_media":1958,"template":"","meta":{"_acf_changed":false},"product_brand":[],"product_cat":[8813],"product_tag":[10898],"class_list":{"0":"post-14904","1":"product","2":"type-product","3":"status-publish","4":"has-post-thumbnail","6":"product_cat-laubbaume-und-straucher","7":"product_tag-naturlichen","8":"pa_altezza-massima-500-de","9":"pa_altezza-massima-800-de","10":"pa_colore-fioritura-rose-de","11":"pa_condizionamento-clt-de","12":"pa_famiglia-cornaceae-de","13":"pa_genere-cornus-de","14":"pa_origine-holland-de","15":"pa_periodo-fioritura-juni","16":"pa_periodo-fioritura-mai-de","17":"pa_portamento-arrotondato-de","18":"pa_resistenza-climatica-mittel-hoch","19":"pa_utilizzo-kleine-gaerten","20":"pa_utilizzo-parks-de","22":"first","23":"instock","24":"purchasable","25":"product-type-simple"},"acf":[],"_links":{"self":[{"href":"https:\/\/innocentiemangonipiante.it\/de\/wp-json\/wp\/v2\/product\/14904","targetHints":{"allow":["GET"]}}],"collection":[{"href":"https:\/\/innocentiemangonipiante.it\/de\/wp-json\/wp\/v2\/product"}],"about":[{"href":"https:\/\/innocentiemangonipiante.it\/de\/wp-json\/wp\/v2\/types\/product"}],"wp:featuredmedia":[{"embeddable":true,"href":"https:\/\/innocentiemangonipiante.it\/de\/wp-json\/wp\/v2\/media\/1958"}],"wp:attachment":[{"href":"https:\/\/innocentiemangonipiante.it\/de\/wp-json\/wp\/v2\/media?parent=14904"}],"wp:term":[{"taxonomy":"product_brand","embeddable":true,"href":"https:\/\/innocentiemangonipiante.it\/de\/wp-json\/wp\/v2\/product_brand?post=14904"},{"taxonomy":"product_cat","embeddable":true,"href":"https:\/\/innocentiemangonipiante.it\/de\/wp-json\/wp\/v2\/product_cat?post=14904"},{"taxonomy":"product_tag","embeddable":true,"href":"https:\/\/innocentiemangonipiante.it\/de\/wp-json\/wp\/v2\/product_tag?post=14904"}],"curies":[{"name":"wp","href":"https:\/\/api.w.org\/{rel}","templated":true}]}}