{"id":14905,"date":"2023-11-04T00:27:45","date_gmt":"2023-11-03T23:27:45","guid":{"rendered":"http:\/\/innocentiemangonipiante.it\/cornus-x-norman-hadden\/"},"modified":"2023-11-06T18:00:57","modified_gmt":"2023-11-06T17:00:57","slug":"cornus-x-norman-hadden","status":"publish","type":"product","link":"https:\/\/innocentiemangonipiante.it\/de\/cornus-x-norman-hadden\/","title":{"rendered":"CORNUS x &#8218;Norman Hadden&#8216;"},"content":{"rendered":"<p>Sehr kr\u00e4ftig. Die Bl\u00fcte bestehet aus 4 wei\u00dfen, rundlichen Brakteen die sp\u00e4ter rot rosa werden.<\/p>\n","protected":false},"excerpt":{"rendered":"<p>Sehr kr\u00e4ftig. Die Bl\u00fcte bestehet aus 4 wei\u00dfen, rundlichen Brakteen die sp\u00e4ter rot rosa werden.<\/p>\n","protected":false},"featured_media":1995,"template":"","meta":{"_acf_changed":false},"product_brand":[],"product_cat":[8813],"product_tag":[10898],"class_list":{"0":"post-14905","1":"product","2":"type-product","3":"status-publish","4":"has-post-thumbnail","6":"product_cat-laubbaume-und-straucher","7":"product_tag-naturlichen","8":"pa_altezza-massima-500-de","9":"pa_altezza-massima-800-de","10":"pa_colore-fioritura-weis","11":"pa_condizionamento-clt-de","12":"pa_famiglia-cornaceae-de","13":"pa_genere-cornus-de","14":"pa_origine-ostasien","15":"pa_periodo-fioritura-juni","16":"pa_periodo-fioritura-mai-de","17":"pa_portamento-allargato-de","18":"pa_resistenza-climatica-mittel-hoch","19":"pa_utilizzo-kleine-gaerten","20":"pa_utilizzo-parks-de","22":"first","23":"instock","24":"purchasable","25":"product-type-simple"},"acf":[],"_links":{"self":[{"href":"https:\/\/innocentiemangonipiante.it\/de\/wp-json\/wp\/v2\/product\/14905","targetHints":{"allow":["GET"]}}],"collection":[{"href":"https:\/\/innocentiemangonipiante.it\/de\/wp-json\/wp\/v2\/product"}],"about":[{"href":"https:\/\/innocentiemangonipiante.it\/de\/wp-json\/wp\/v2\/types\/product"}],"wp:featuredmedia":[{"embeddable":true,"href":"https:\/\/innocentiemangonipiante.it\/de\/wp-json\/wp\/v2\/media\/1995"}],"wp:attachment":[{"href":"https:\/\/innocentiemangonipiante.it\/de\/wp-json\/wp\/v2\/media?parent=14905"}],"wp:term":[{"taxonomy":"product_brand","embeddable":true,"href":"https:\/\/innocentiemangonipiante.it\/de\/wp-json\/wp\/v2\/product_brand?post=14905"},{"taxonomy":"product_cat","embeddable":true,"href":"https:\/\/innocentiemangonipiante.it\/de\/wp-json\/wp\/v2\/product_cat?post=14905"},{"taxonomy":"product_tag","embeddable":true,"href":"https:\/\/innocentiemangonipiante.it\/de\/wp-json\/wp\/v2\/product_tag?post=14905"}],"curies":[{"name":"wp","href":"https:\/\/api.w.org\/{rel}","templated":true}]}}