{"id":14907,"date":"2023-11-04T00:24:40","date_gmt":"2023-11-03T23:24:40","guid":{"rendered":"http:\/\/innocentiemangonipiante.it\/cornus-kousa-chinensis\/"},"modified":"2023-11-06T17:59:13","modified_gmt":"2023-11-06T16:59:13","slug":"cornus-kousa-chinensis","status":"publish","type":"product","link":"https:\/\/innocentiemangonipiante.it\/de\/cornus-kousa-chinensis\/","title":{"rendered":"CORNUS kousa &#8218;Chinensis&#8216;"},"content":{"rendered":"<p>Anfang Sommer sprie\u00dfen gro\u00dfe wei\u00df-creme Blumen die sp\u00e4ter wei\u00dfrosa werden.<\/p>\n","protected":false},"excerpt":{"rendered":"<p>Anfang Sommer sprie\u00dfen gro\u00dfe wei\u00df-creme Blumen die sp\u00e4ter wei\u00dfrosa werden.<\/p>\n","protected":false},"featured_media":1946,"template":"","meta":{"_acf_changed":false},"product_brand":[],"product_cat":[8813],"product_tag":[10898,8565],"class_list":{"0":"post-14907","1":"product","2":"type-product","3":"status-publish","4":"has-post-thumbnail","6":"product_cat-laubbaume-und-straucher","7":"product_tag-naturlichen","8":"product_tag-halbstamm","9":"pa_altezza-massima-500-de","10":"pa_altezza-massima-800-de","11":"pa_colore-fioritura-weis","12":"pa_condizionamento-clt-de","13":"pa_famiglia-cornaceae-de","14":"pa_genere-cornus-de","15":"pa_origine-ostasien","16":"pa_periodo-fioritura-juni","17":"pa_portamento-arrotondato-de","18":"pa_resistenza-climatica-sehr-hoch","19":"pa_utilizzo-kleine-gaerten","20":"pa_utilizzo-parks-de","22":"first","23":"instock","24":"purchasable","25":"product-type-simple"},"acf":[],"_links":{"self":[{"href":"https:\/\/innocentiemangonipiante.it\/de\/wp-json\/wp\/v2\/product\/14907","targetHints":{"allow":["GET"]}}],"collection":[{"href":"https:\/\/innocentiemangonipiante.it\/de\/wp-json\/wp\/v2\/product"}],"about":[{"href":"https:\/\/innocentiemangonipiante.it\/de\/wp-json\/wp\/v2\/types\/product"}],"wp:featuredmedia":[{"embeddable":true,"href":"https:\/\/innocentiemangonipiante.it\/de\/wp-json\/wp\/v2\/media\/1946"}],"wp:attachment":[{"href":"https:\/\/innocentiemangonipiante.it\/de\/wp-json\/wp\/v2\/media?parent=14907"}],"wp:term":[{"taxonomy":"product_brand","embeddable":true,"href":"https:\/\/innocentiemangonipiante.it\/de\/wp-json\/wp\/v2\/product_brand?post=14907"},{"taxonomy":"product_cat","embeddable":true,"href":"https:\/\/innocentiemangonipiante.it\/de\/wp-json\/wp\/v2\/product_cat?post=14907"},{"taxonomy":"product_tag","embeddable":true,"href":"https:\/\/innocentiemangonipiante.it\/de\/wp-json\/wp\/v2\/product_tag?post=14907"}],"curies":[{"name":"wp","href":"https:\/\/api.w.org\/{rel}","templated":true}]}}