{"id":14910,"date":"2023-11-04T00:24:03","date_gmt":"2023-11-03T23:24:03","guid":{"rendered":"http:\/\/innocentiemangonipiante.it\/cornus-florida-rubra\/"},"modified":"2023-11-06T17:58:49","modified_gmt":"2023-11-06T16:58:49","slug":"cornus-florida-rubra","status":"publish","type":"product","link":"https:\/\/innocentiemangonipiante.it\/de\/cornus-florida-rubra\/","title":{"rendered":"CORNUS florida &#8218;Rubra&#8216;"},"content":{"rendered":"<p>Gr\u00fcnes bis dunkelgr\u00fcnes Laubwerk. Bl\u00fcten in hellroten Brakteen.<\/p>\n","protected":false},"excerpt":{"rendered":"<p>Gr\u00fcnes bis dunkelgr\u00fcnes Laubwerk. Bl\u00fcten in hellroten Brakteen.<\/p>\n","protected":false},"featured_media":1933,"template":"","meta":{"_acf_changed":false},"product_brand":[],"product_cat":[8813],"product_tag":[10898,8401],"class_list":{"0":"post-14910","1":"product","2":"type-product","3":"status-publish","4":"has-post-thumbnail","6":"product_cat-laubbaume-und-straucher","7":"product_tag-naturlichen","8":"product_tag-hochstamm","9":"pa_altezza-massima-600-de","10":"pa_altezza-massima-900-de","11":"pa_colore-fioritura-rot","12":"pa_condizionamento-clt-de","13":"pa_famiglia-cornaceae-de","14":"pa_genere-cornus-de","15":"pa_origine-u-s-a","16":"pa_periodo-fioritura-april-de","17":"pa_periodo-fioritura-mai-de","18":"pa_portamento-arrotondato-de","19":"pa_resistenza-climatica-sehr-hoch","20":"pa_utilizzo-kleine-gaerten","21":"pa_utilizzo-parks-de","23":"first","24":"instock","25":"purchasable","26":"product-type-simple"},"acf":[],"_links":{"self":[{"href":"https:\/\/innocentiemangonipiante.it\/de\/wp-json\/wp\/v2\/product\/14910","targetHints":{"allow":["GET"]}}],"collection":[{"href":"https:\/\/innocentiemangonipiante.it\/de\/wp-json\/wp\/v2\/product"}],"about":[{"href":"https:\/\/innocentiemangonipiante.it\/de\/wp-json\/wp\/v2\/types\/product"}],"wp:featuredmedia":[{"embeddable":true,"href":"https:\/\/innocentiemangonipiante.it\/de\/wp-json\/wp\/v2\/media\/1933"}],"wp:attachment":[{"href":"https:\/\/innocentiemangonipiante.it\/de\/wp-json\/wp\/v2\/media?parent=14910"}],"wp:term":[{"taxonomy":"product_brand","embeddable":true,"href":"https:\/\/innocentiemangonipiante.it\/de\/wp-json\/wp\/v2\/product_brand?post=14910"},{"taxonomy":"product_cat","embeddable":true,"href":"https:\/\/innocentiemangonipiante.it\/de\/wp-json\/wp\/v2\/product_cat?post=14910"},{"taxonomy":"product_tag","embeddable":true,"href":"https:\/\/innocentiemangonipiante.it\/de\/wp-json\/wp\/v2\/product_tag?post=14910"}],"curies":[{"name":"wp","href":"https:\/\/api.w.org\/{rel}","templated":true}]}}