{"id":14912,"date":"2023-11-04T00:23:37","date_gmt":"2023-11-03T23:23:37","guid":{"rendered":"http:\/\/innocentiemangonipiante.it\/cornus-florida-cherokee-sunset\/"},"modified":"2023-11-06T17:58:35","modified_gmt":"2023-11-06T16:58:35","slug":"cornus-florida-cherokee-sunset","status":"publish","type":"product","link":"https:\/\/innocentiemangonipiante.it\/de\/cornus-florida-cherokee-sunset\/","title":{"rendered":"CORNUS florida &#8218;Cherokee Sunset&#8216;"},"content":{"rendered":"<p>Die Bl\u00e4tter sind dunkelgr\u00fcn in der Mitte und am Rand goldgelb gestreift. Im Herbst f\u00e4rben sie sich purpurrot bis orange. Sattrote Bl\u00fcten.<\/p>\n","protected":false},"excerpt":{"rendered":"<p>Die Bl\u00e4tter sind dunkelgr\u00fcn in der Mitte und am Rand goldgelb gestreift. Im Herbst f\u00e4rben sie sich purpurrot bis orange. Sattrote Bl\u00fcten.<\/p>\n","protected":false},"featured_media":1921,"template":"","meta":{"_acf_changed":false},"product_brand":[],"product_cat":[8813],"product_tag":[10898],"class_list":{"0":"post-14912","1":"product","2":"type-product","3":"status-publish","4":"has-post-thumbnail","6":"product_cat-laubbaume-und-straucher","7":"product_tag-naturlichen","8":"pa_altezza-massima-600-de","9":"pa_altezza-massima-900-de","10":"pa_colore-delle-foglie-vielfaeltigen","11":"pa_colore-fioritura-rot","12":"pa_condizionamento-clt-de","13":"pa_famiglia-cornaceae-de","14":"pa_genere-cornus-de","15":"pa_origine-u-s-a","16":"pa_periodo-fioritura-april-de","17":"pa_periodo-fioritura-mai-de","18":"pa_portamento-piramidale-de","19":"pa_resistenza-climatica-sehr-hoch","20":"pa_utilizzo-kleine-gaerten","21":"pa_utilizzo-parks-de","23":"first","24":"instock","25":"purchasable","26":"product-type-simple"},"acf":[],"_links":{"self":[{"href":"https:\/\/innocentiemangonipiante.it\/de\/wp-json\/wp\/v2\/product\/14912","targetHints":{"allow":["GET"]}}],"collection":[{"href":"https:\/\/innocentiemangonipiante.it\/de\/wp-json\/wp\/v2\/product"}],"about":[{"href":"https:\/\/innocentiemangonipiante.it\/de\/wp-json\/wp\/v2\/types\/product"}],"wp:featuredmedia":[{"embeddable":true,"href":"https:\/\/innocentiemangonipiante.it\/de\/wp-json\/wp\/v2\/media\/1921"}],"wp:attachment":[{"href":"https:\/\/innocentiemangonipiante.it\/de\/wp-json\/wp\/v2\/media?parent=14912"}],"wp:term":[{"taxonomy":"product_brand","embeddable":true,"href":"https:\/\/innocentiemangonipiante.it\/de\/wp-json\/wp\/v2\/product_brand?post=14912"},{"taxonomy":"product_cat","embeddable":true,"href":"https:\/\/innocentiemangonipiante.it\/de\/wp-json\/wp\/v2\/product_cat?post=14912"},{"taxonomy":"product_tag","embeddable":true,"href":"https:\/\/innocentiemangonipiante.it\/de\/wp-json\/wp\/v2\/product_tag?post=14912"}],"curies":[{"name":"wp","href":"https:\/\/api.w.org\/{rel}","templated":true}]}}