{"id":14913,"date":"2023-11-04T00:23:24","date_gmt":"2023-11-03T23:23:24","guid":{"rendered":"http:\/\/innocentiemangonipiante.it\/cornus-florida-cherokee-daybreak\/"},"modified":"2023-11-06T17:58:29","modified_gmt":"2023-11-06T16:58:29","slug":"cornus-florida-cherokee-daybreak","status":"publish","type":"product","link":"https:\/\/innocentiemangonipiante.it\/de\/cornus-florida-cherokee-daybreak\/","title":{"rendered":"CORNUS florida &#8218;Cherokee Daybreak&#8216;"},"content":{"rendered":"<p>Ovale gr\u00fcne, wei\u00df gestreifte Bl\u00e4tter, die im Herbst rot-fuchsienfarbig werden. Bl\u00fcten in wei\u00dfen Brakteen.<\/p>\n","protected":false},"excerpt":{"rendered":"<p>Ovale gr\u00fcne, wei\u00df gestreifte Bl\u00e4tter, die im Herbst rot-fuchsienfarbig werden. Bl\u00fcten in wei\u00dfen Brakteen.<\/p>\n","protected":false},"featured_media":1915,"template":"","meta":{"_acf_changed":false},"product_brand":[],"product_cat":[8813],"product_tag":[10898],"class_list":{"0":"post-14913","1":"product","2":"type-product","3":"status-publish","4":"has-post-thumbnail","6":"product_cat-laubbaume-und-straucher","7":"product_tag-naturlichen","8":"pa_altezza-massima-600-de","9":"pa_altezza-massima-900-de","10":"pa_colore-delle-foglie-vielfaeltigen","11":"pa_colore-fioritura-weis","12":"pa_condizionamento-clt-de","13":"pa_famiglia-cornaceae-de","14":"pa_genere-cornus-de","15":"pa_origine-u-s-a","16":"pa_periodo-fioritura-april-de","17":"pa_periodo-fioritura-mai-de","18":"pa_portamento-piramidale-de","19":"pa_resistenza-climatica-sehr-hoch","20":"pa_utilizzo-parks-de","22":"first","23":"instock","24":"purchasable","25":"product-type-simple"},"acf":[],"_links":{"self":[{"href":"https:\/\/innocentiemangonipiante.it\/de\/wp-json\/wp\/v2\/product\/14913","targetHints":{"allow":["GET"]}}],"collection":[{"href":"https:\/\/innocentiemangonipiante.it\/de\/wp-json\/wp\/v2\/product"}],"about":[{"href":"https:\/\/innocentiemangonipiante.it\/de\/wp-json\/wp\/v2\/types\/product"}],"wp:featuredmedia":[{"embeddable":true,"href":"https:\/\/innocentiemangonipiante.it\/de\/wp-json\/wp\/v2\/media\/1915"}],"wp:attachment":[{"href":"https:\/\/innocentiemangonipiante.it\/de\/wp-json\/wp\/v2\/media?parent=14913"}],"wp:term":[{"taxonomy":"product_brand","embeddable":true,"href":"https:\/\/innocentiemangonipiante.it\/de\/wp-json\/wp\/v2\/product_brand?post=14913"},{"taxonomy":"product_cat","embeddable":true,"href":"https:\/\/innocentiemangonipiante.it\/de\/wp-json\/wp\/v2\/product_cat?post=14913"},{"taxonomy":"product_tag","embeddable":true,"href":"https:\/\/innocentiemangonipiante.it\/de\/wp-json\/wp\/v2\/product_tag?post=14913"}],"curies":[{"name":"wp","href":"https:\/\/api.w.org\/{rel}","templated":true}]}}