{"id":14918,"date":"2023-11-04T00:22:44","date_gmt":"2023-11-03T23:22:44","guid":{"rendered":"http:\/\/innocentiemangonipiante.it\/cornus-controversa-variegata\/"},"modified":"2023-11-06T17:58:01","modified_gmt":"2023-11-06T16:58:01","slug":"cornus-controversa-variegata","status":"publish","type":"product","link":"https:\/\/innocentiemangonipiante.it\/de\/cornus-controversa-variegata\/","title":{"rendered":"CORNUS controversa &#8218;Variegata&#8216;"},"content":{"rendered":"<p>Sehr dekorativer, sommergr\u00fcner gro\u00dfer Strauch oder kleiner Baum unregelm\u00e4\u00dfigen Wuchses mit schichtweise angeordneten Zweigen. Sattgr\u00fcne bis r\u00f6tlich-braune Rinde. Die wechselst\u00e4ndigen eif\u00f6rmigen und ovalen Bl\u00e4tter sind dunkelgr\u00fcn mit wei\u00dfen Randstreifen und nehmen im Herbst eine unglaublich sch\u00f6ne rosa Farbe an.<\/p>\n","protected":false},"excerpt":{"rendered":"<p>Sehr dekorativer, sommergr\u00fcner gro\u00dfer Strauch oder kleiner Baum unregelm\u00e4\u00dfigen Wuchses mit schichtweise angeordneten Zweigen. Sattgr\u00fcne bis r\u00f6tlich-braune Rinde. Die wechselst\u00e4ndigen eif\u00f6rmigen und ovalen Bl\u00e4tter sind dunkelgr\u00fcn mit wei\u00dfen Randstreifen und nehmen im Herbst eine unglaublich sch\u00f6ne rosa Farbe an.<\/p>\n","protected":false},"featured_media":1891,"template":"","meta":{"_acf_changed":false},"product_brand":[],"product_cat":[8813],"product_tag":[10898,8401],"class_list":{"0":"post-14918","1":"product","2":"type-product","3":"status-publish","4":"has-post-thumbnail","6":"product_cat-laubbaume-und-straucher","7":"product_tag-naturlichen","8":"product_tag-hochstamm","9":"pa_altezza-massima-500-de","10":"pa_altezza-massima-800-de","11":"pa_colore-delle-foglie-vielfaeltigen","12":"pa_colore-fioritura-weis","13":"pa_condizionamento-clt-de","14":"pa_famiglia-cornaceae-de","15":"pa_genere-cornus-de","16":"pa_origine-ostasien","17":"pa_periodo-fioritura-juni","18":"pa_portamento-allargato-de","19":"pa_resistenza-climatica-mittel-hoch","20":"pa_utilizzo-parks-de","22":"first","23":"instock","24":"purchasable","25":"product-type-simple"},"acf":[],"_links":{"self":[{"href":"https:\/\/innocentiemangonipiante.it\/de\/wp-json\/wp\/v2\/product\/14918","targetHints":{"allow":["GET"]}}],"collection":[{"href":"https:\/\/innocentiemangonipiante.it\/de\/wp-json\/wp\/v2\/product"}],"about":[{"href":"https:\/\/innocentiemangonipiante.it\/de\/wp-json\/wp\/v2\/types\/product"}],"wp:featuredmedia":[{"embeddable":true,"href":"https:\/\/innocentiemangonipiante.it\/de\/wp-json\/wp\/v2\/media\/1891"}],"wp:attachment":[{"href":"https:\/\/innocentiemangonipiante.it\/de\/wp-json\/wp\/v2\/media?parent=14918"}],"wp:term":[{"taxonomy":"product_brand","embeddable":true,"href":"https:\/\/innocentiemangonipiante.it\/de\/wp-json\/wp\/v2\/product_brand?post=14918"},{"taxonomy":"product_cat","embeddable":true,"href":"https:\/\/innocentiemangonipiante.it\/de\/wp-json\/wp\/v2\/product_cat?post=14918"},{"taxonomy":"product_tag","embeddable":true,"href":"https:\/\/innocentiemangonipiante.it\/de\/wp-json\/wp\/v2\/product_tag?post=14918"}],"curies":[{"name":"wp","href":"https:\/\/api.w.org\/{rel}","templated":true}]}}