{"id":14919,"date":"2023-11-04T00:22:37","date_gmt":"2023-11-03T23:22:37","guid":{"rendered":"http:\/\/innocentiemangonipiante.it\/cornus-controversa\/"},"modified":"2023-11-06T17:57:58","modified_gmt":"2023-11-06T16:57:58","slug":"cornus-controversa","status":"publish","type":"product","link":"https:\/\/innocentiemangonipiante.it\/de\/cornus-controversa\/","title":{"rendered":"CORNUS controversa"},"content":{"rendered":"<p>Sommergr\u00fcner, rundlicher Baum. Die ausladenden \u00c4ste bilden Schichten, die stufenf\u00f6rmig rund um den Stamm angeordnet sind. Die wechselst\u00e4ndigen,elliptischen, 15 cm langen, gl\u00e4nzenden Bl\u00e4tter sind dunkelgr\u00fcn auf der Oberseite und blaugr\u00fcn auf der Unterseite. Anfang Sommer bl\u00fchen wei\u00dfe Bl\u00fcten, die runde schwarz-blaue Fr\u00fcchte hervorbringen.<\/p>\n","protected":false},"excerpt":{"rendered":"<p>Sommergr\u00fcner, rundlicher Baum. Die ausladenden \u00c4ste bilden Schichten, die stufenf\u00f6rmig rund um den Stamm angeordnet sind. Die wechselst\u00e4ndigen,elliptischen, 15 cm langen, gl\u00e4nzenden Bl\u00e4tter sind dunkelgr\u00fcn auf der Oberseite und blaugr\u00fcn auf der Unterseite. Anfang Sommer bl\u00fchen wei\u00dfe Bl\u00fcten, die runde schwarz-blaue Fr\u00fcchte hervorbringen.<\/p>\n","protected":false},"featured_media":1885,"template":"","meta":{"_acf_changed":false},"product_brand":[],"product_cat":[8813],"product_tag":[10898,8401],"class_list":{"0":"post-14919","1":"product","2":"type-product","3":"status-publish","4":"has-post-thumbnail","6":"product_cat-laubbaume-und-straucher","7":"product_tag-naturlichen","8":"product_tag-hochstamm","9":"pa_altezza-massima-500-de","10":"pa_altezza-massima-800-de","11":"pa_colore-fioritura-weis","12":"pa_condizionamento-clt-de","13":"pa_famiglia-cornaceae-de","14":"pa_genere-cornus-de","15":"pa_origine-asien","16":"pa_periodo-fioritura-juli","17":"pa_periodo-fioritura-juni","18":"pa_portamento-allargato-de","19":"pa_resistenza-climatica-sehr-hoch","20":"pa_utilizzo-parks-de","22":"first","23":"instock","24":"purchasable","25":"product-type-simple"},"acf":[],"_links":{"self":[{"href":"https:\/\/innocentiemangonipiante.it\/de\/wp-json\/wp\/v2\/product\/14919","targetHints":{"allow":["GET"]}}],"collection":[{"href":"https:\/\/innocentiemangonipiante.it\/de\/wp-json\/wp\/v2\/product"}],"about":[{"href":"https:\/\/innocentiemangonipiante.it\/de\/wp-json\/wp\/v2\/types\/product"}],"wp:featuredmedia":[{"embeddable":true,"href":"https:\/\/innocentiemangonipiante.it\/de\/wp-json\/wp\/v2\/media\/1885"}],"wp:attachment":[{"href":"https:\/\/innocentiemangonipiante.it\/de\/wp-json\/wp\/v2\/media?parent=14919"}],"wp:term":[{"taxonomy":"product_brand","embeddable":true,"href":"https:\/\/innocentiemangonipiante.it\/de\/wp-json\/wp\/v2\/product_brand?post=14919"},{"taxonomy":"product_cat","embeddable":true,"href":"https:\/\/innocentiemangonipiante.it\/de\/wp-json\/wp\/v2\/product_cat?post=14919"},{"taxonomy":"product_tag","embeddable":true,"href":"https:\/\/innocentiemangonipiante.it\/de\/wp-json\/wp\/v2\/product_tag?post=14919"}],"curies":[{"name":"wp","href":"https:\/\/api.w.org\/{rel}","templated":true}]}}