{"id":14925,"date":"2023-11-04T00:29:32","date_gmt":"2023-11-03T23:29:32","guid":{"rendered":"http:\/\/innocentiemangonipiante.it\/corylus-maxima-purpurea\/"},"modified":"2023-11-06T18:02:04","modified_gmt":"2023-11-06T17:02:04","slug":"corylus-maxima-purpurea","status":"publish","type":"product","link":"https:\/\/innocentiemangonipiante.it\/de\/corylus-maxima-purpurea\/","title":{"rendered":"CORYLUS maxima &#8218;Purpurea&#8216;"},"content":{"rendered":"<p>Sommergr\u00fcner aufrechter Strauch. Die wechselst\u00e4ndigen, rundlichen Bl\u00e4tter haben anfangs eine leuchtend rote Farbe, die sp\u00e4ter in eine dunkle tiefrote Farbe \u00fcbergeht, besonders bei stark sonniger Lage. Purpurfarbene K\u00e4tzchen und Fr\u00fcchte mit ebenso purpurfarben get\u00f6nten Schalen.<\/p>\n","protected":false},"excerpt":{"rendered":"<p>Sommergr\u00fcner aufrechter Strauch. Die wechselst\u00e4ndigen, rundlichen Bl\u00e4tter haben anfangs eine leuchtend rote Farbe, die sp\u00e4ter in eine dunkle tiefrote Farbe \u00fcbergeht, besonders bei stark sonniger Lage. Purpurfarbene K\u00e4tzchen und Fr\u00fcchte mit ebenso purpurfarben get\u00f6nten Schalen.<\/p>\n","protected":false},"featured_media":2038,"template":"","meta":{"_acf_changed":false},"product_brand":[],"product_cat":[8813],"product_tag":[10898],"class_list":{"0":"post-14925","1":"product","2":"type-product","3":"status-publish","4":"has-post-thumbnail","6":"product_cat-laubbaume-und-straucher","7":"product_tag-naturlichen","8":"pa_altezza-massima-300-de","9":"pa_altezza-massima-400-de","10":"pa_colore-fioritura-rot","11":"pa_condizionamento-clt-de","12":"pa_famiglia-corylaceae-de","13":"pa_genere-corylus-de","14":"pa_origine-europaischen-mittelmeeres","15":"pa_periodo-fioritura-dezember","16":"pa_periodo-fioritura-november-de","17":"pa_resistenza-climatica-sehr-hoch","18":"pa_resistenza-del-suolo-bestandig-gegen-kalkhaltige-boden","19":"pa_resistenza-del-suolo-bestandigkeit-auf-feuchten-boden","21":"first","22":"instock","23":"purchasable","24":"product-type-simple"},"acf":[],"_links":{"self":[{"href":"https:\/\/innocentiemangonipiante.it\/de\/wp-json\/wp\/v2\/product\/14925","targetHints":{"allow":["GET"]}}],"collection":[{"href":"https:\/\/innocentiemangonipiante.it\/de\/wp-json\/wp\/v2\/product"}],"about":[{"href":"https:\/\/innocentiemangonipiante.it\/de\/wp-json\/wp\/v2\/types\/product"}],"wp:featuredmedia":[{"embeddable":true,"href":"https:\/\/innocentiemangonipiante.it\/de\/wp-json\/wp\/v2\/media\/2038"}],"wp:attachment":[{"href":"https:\/\/innocentiemangonipiante.it\/de\/wp-json\/wp\/v2\/media?parent=14925"}],"wp:term":[{"taxonomy":"product_brand","embeddable":true,"href":"https:\/\/innocentiemangonipiante.it\/de\/wp-json\/wp\/v2\/product_brand?post=14925"},{"taxonomy":"product_cat","embeddable":true,"href":"https:\/\/innocentiemangonipiante.it\/de\/wp-json\/wp\/v2\/product_cat?post=14925"},{"taxonomy":"product_tag","embeddable":true,"href":"https:\/\/innocentiemangonipiante.it\/de\/wp-json\/wp\/v2\/product_tag?post=14925"}],"curies":[{"name":"wp","href":"https:\/\/api.w.org\/{rel}","templated":true}]}}