{"id":14926,"date":"2023-11-04T00:29:23","date_gmt":"2023-11-03T23:29:23","guid":{"rendered":"http:\/\/innocentiemangonipiante.it\/corylus-colurna\/"},"modified":"2023-11-06T18:02:02","modified_gmt":"2023-11-06T17:02:02","slug":"corylus-colurna","status":"publish","type":"product","link":"https:\/\/innocentiemangonipiante.it\/de\/corylus-colurna\/","title":{"rendered":"CORYLUS colurna"},"content":{"rendered":"<p>\u201cBaum-Hasel\u201d. Regelm\u00e4\u00dfiger kegelf\u00f6rmiger sommergr\u00fcner Baum mit sehr ovalen bis 12 cm langen Bl\u00e4ttern, die dunkelgr\u00fcn sind und sich im Herbst gelb f\u00e4rben.Ende Winter herabh\u00e4ngende gelbe 8-10 cm lange K\u00e4tzchen. Eine sehr dekorative, faltige, eingeschnittene und glatte Rinde.<\/p>\n","protected":false},"excerpt":{"rendered":"<p>\u201cBaum-Hasel\u201d. Regelm\u00e4\u00dfiger kegelf\u00f6rmiger sommergr\u00fcner Baum mit sehr ovalen bis 12 cm langen Bl\u00e4ttern, die dunkelgr\u00fcn sind und sich im Herbst gelb f\u00e4rben.Ende Winter herabh\u00e4ngende gelbe 8-10 cm lange K\u00e4tzchen. Eine sehr dekorative, faltige, eingeschnittene und glatte Rinde.<\/p>\n","protected":false},"featured_media":2032,"template":"","meta":{"_acf_changed":false},"product_brand":[],"product_cat":[8813,9231],"product_tag":[10898,8401],"class_list":{"0":"post-14926","1":"product","2":"type-product","3":"status-publish","4":"has-post-thumbnail","6":"product_cat-laubbaume-und-straucher","7":"product_cat-baume-und-pflanzen-der-zukunft","8":"product_tag-naturlichen","9":"product_tag-hochstamm","10":"pa_altezza-massima-15-meter","11":"pa_altezza-massima-20-meter","12":"pa_colore-fioritura-gelbe","13":"pa_condizionamento-clt-de","14":"pa_condizionamento-m-de","15":"pa_famiglia-corylaceae-de","16":"pa_genere-corylus-de","17":"pa_inquinamento-bestaendigkeit-gegen-smog","18":"pa_origine-europaischen-mittelmeeres","19":"pa_periodo-fioritura-november-de","20":"pa_resistenza-climatica-sehr-hoch","21":"pa_resistenza-del-suolo-bestandig-gegen-kalkhaltige-boden","22":"pa_resistenza-del-suolo-bestandig-gegen-trockene-boden","23":"pa_resistenza-del-suolo-bestandigkeit-auf-feuchten-boden","25":"first","26":"instock","27":"purchasable","28":"product-type-simple"},"acf":[],"_links":{"self":[{"href":"https:\/\/innocentiemangonipiante.it\/de\/wp-json\/wp\/v2\/product\/14926","targetHints":{"allow":["GET"]}}],"collection":[{"href":"https:\/\/innocentiemangonipiante.it\/de\/wp-json\/wp\/v2\/product"}],"about":[{"href":"https:\/\/innocentiemangonipiante.it\/de\/wp-json\/wp\/v2\/types\/product"}],"wp:featuredmedia":[{"embeddable":true,"href":"https:\/\/innocentiemangonipiante.it\/de\/wp-json\/wp\/v2\/media\/2032"}],"wp:attachment":[{"href":"https:\/\/innocentiemangonipiante.it\/de\/wp-json\/wp\/v2\/media?parent=14926"}],"wp:term":[{"taxonomy":"product_brand","embeddable":true,"href":"https:\/\/innocentiemangonipiante.it\/de\/wp-json\/wp\/v2\/product_brand?post=14926"},{"taxonomy":"product_cat","embeddable":true,"href":"https:\/\/innocentiemangonipiante.it\/de\/wp-json\/wp\/v2\/product_cat?post=14926"},{"taxonomy":"product_tag","embeddable":true,"href":"https:\/\/innocentiemangonipiante.it\/de\/wp-json\/wp\/v2\/product_tag?post=14926"}],"curies":[{"name":"wp","href":"https:\/\/api.w.org\/{rel}","templated":true}]}}