{"id":14927,"date":"2023-11-04T00:29:08","date_gmt":"2023-11-03T23:29:08","guid":{"rendered":"http:\/\/innocentiemangonipiante.it\/corylus-avellana-red-majestic\/"},"modified":"2023-11-06T18:01:55","modified_gmt":"2023-11-06T17:01:55","slug":"corylus-avellana-red-majestic","status":"publish","type":"product","link":"https:\/\/innocentiemangonipiante.it\/de\/corylus-avellana-red-majestic\/","title":{"rendered":"CORYLUS avellana &#8218;Red Majestic&#8216; \u00ae"},"content":{"rendered":"<p>Korkenzieherhasel mit purpurroten sehr attraktiven Bl\u00e4ttern und herabh\u00e4ngenden K\u00e4tzchen. Geeignet f\u00fcr kleine G\u00e4rten.<\/p>\n","protected":false},"excerpt":{"rendered":"<p>Korkenzieherhasel mit purpurroten sehr attraktiven Bl\u00e4ttern und herabh\u00e4ngenden K\u00e4tzchen. Geeignet f\u00fcr kleine G\u00e4rten.<\/p>\n","protected":false},"featured_media":2025,"template":"","meta":{"_acf_changed":false},"product_brand":[],"product_cat":[8813],"product_tag":[10898,8401],"class_list":{"0":"post-14927","1":"product","2":"type-product","3":"status-publish","4":"has-post-thumbnail","6":"product_cat-laubbaume-und-straucher","7":"product_tag-naturlichen","8":"product_tag-hochstamm","9":"pa_altezza-massima-800-de","10":"pa_altezza-massima-12-meter","11":"pa_colore-fioritura-gelbe","12":"pa_condizionamento-clt-de","13":"pa_condizionamento-m-de","14":"pa_condizionamento-viereckigertops","15":"pa_famiglia-corylaceae-de","16":"pa_genere-corylus-de","17":"pa_inquinamento-bestaendigkeit-gegen-smog","18":"pa_origine-deutschland","19":"pa_periodo-fioritura-april-de","20":"pa_periodo-fioritura-mai-de","21":"pa_resistenza-climatica-sehr-hoch","22":"pa_resistenza-del-suolo-bestandig-gegen-kalkhaltige-boden","23":"pa_resistenza-del-suolo-bestandig-gegen-trockene-boden","24":"pa_resistenza-del-suolo-bestandigkeit-auf-feuchten-boden","26":"first","27":"instock","28":"purchasable","29":"product-type-simple"},"acf":[],"_links":{"self":[{"href":"https:\/\/innocentiemangonipiante.it\/de\/wp-json\/wp\/v2\/product\/14927","targetHints":{"allow":["GET"]}}],"collection":[{"href":"https:\/\/innocentiemangonipiante.it\/de\/wp-json\/wp\/v2\/product"}],"about":[{"href":"https:\/\/innocentiemangonipiante.it\/de\/wp-json\/wp\/v2\/types\/product"}],"wp:featuredmedia":[{"embeddable":true,"href":"https:\/\/innocentiemangonipiante.it\/de\/wp-json\/wp\/v2\/media\/2025"}],"wp:attachment":[{"href":"https:\/\/innocentiemangonipiante.it\/de\/wp-json\/wp\/v2\/media?parent=14927"}],"wp:term":[{"taxonomy":"product_brand","embeddable":true,"href":"https:\/\/innocentiemangonipiante.it\/de\/wp-json\/wp\/v2\/product_brand?post=14927"},{"taxonomy":"product_cat","embeddable":true,"href":"https:\/\/innocentiemangonipiante.it\/de\/wp-json\/wp\/v2\/product_cat?post=14927"},{"taxonomy":"product_tag","embeddable":true,"href":"https:\/\/innocentiemangonipiante.it\/de\/wp-json\/wp\/v2\/product_tag?post=14927"}],"curies":[{"name":"wp","href":"https:\/\/api.w.org\/{rel}","templated":true}]}}