{"id":14928,"date":"2023-11-04T00:28:54","date_gmt":"2023-11-03T23:28:54","guid":{"rendered":"http:\/\/innocentiemangonipiante.it\/corylus-avellana-contorta\/"},"modified":"2023-11-06T18:01:47","modified_gmt":"2023-11-06T17:01:47","slug":"corylus-avellana-contorta","status":"publish","type":"product","link":"https:\/\/innocentiemangonipiante.it\/de\/corylus-avellana-contorta\/","title":{"rendered":"CORYLUS avellana &#8218;Contorta&#8216;"},"content":{"rendered":"<p>\u201cKorkenzieher-Hasel\u201d. Gro\u00dfer sommergr\u00fcner Strauch mit zun\u00e4chst aufrechtem, dann nach unten neigendem Wuchs. Die Zweige sind schief und stark gekr\u00fcmmt, steif und leicht zerbrechlich. Die leicht rundlichen, dunkelgr\u00fcnen Bl\u00e4tter f\u00e4rben sich goldgelb im Herbst. Anfang Fr\u00fchjahr tr\u00e4gt er wundersch\u00f6ne herabh\u00e4ngende gelbe K\u00e4tzchen.<\/p>\n","protected":false},"excerpt":{"rendered":"<p>\u201cKorkenzieher-Hasel\u201d. Gro\u00dfer sommergr\u00fcner Strauch mit zun\u00e4chst aufrechtem, dann nach unten neigendem Wuchs. Die Zweige sind schief und stark gekr\u00fcmmt, steif und leicht zerbrechlich. Die leicht rundlichen, dunkelgr\u00fcnen Bl\u00e4tter f\u00e4rben sich goldgelb im Herbst. Anfang Fr\u00fchjahr tr\u00e4gt er wundersch\u00f6ne herabh\u00e4ngende gelbe K\u00e4tzchen.<\/p>\n","protected":false},"featured_media":2019,"template":"","meta":{"_acf_changed":false},"product_brand":[],"product_cat":[8813],"product_tag":[10898],"class_list":{"0":"post-14928","1":"product","2":"type-product","3":"status-publish","4":"has-post-thumbnail","6":"product_cat-laubbaume-und-straucher","7":"product_tag-naturlichen","8":"pa_altezza-massima-400-de","9":"pa_altezza-massima-600-de","10":"pa_colore-fioritura-gelbe","11":"pa_condizionamento-clt-de","12":"pa_famiglia-corylaceae-de","13":"pa_genere-corylus-de","14":"pa_origine-europaischen-mittelmeeres","15":"pa_periodo-fioritura-april-de","16":"pa_periodo-fioritura-mai-de","17":"pa_resistenza-climatica-sehr-hoch","18":"pa_resistenza-del-suolo-bestandig-gegen-kalkhaltige-boden","19":"pa_resistenza-del-suolo-bestandigkeit-auf-feuchten-boden","21":"first","22":"instock","23":"purchasable","24":"product-type-simple"},"acf":[],"_links":{"self":[{"href":"https:\/\/innocentiemangonipiante.it\/de\/wp-json\/wp\/v2\/product\/14928","targetHints":{"allow":["GET"]}}],"collection":[{"href":"https:\/\/innocentiemangonipiante.it\/de\/wp-json\/wp\/v2\/product"}],"about":[{"href":"https:\/\/innocentiemangonipiante.it\/de\/wp-json\/wp\/v2\/types\/product"}],"wp:featuredmedia":[{"embeddable":true,"href":"https:\/\/innocentiemangonipiante.it\/de\/wp-json\/wp\/v2\/media\/2019"}],"wp:attachment":[{"href":"https:\/\/innocentiemangonipiante.it\/de\/wp-json\/wp\/v2\/media?parent=14928"}],"wp:term":[{"taxonomy":"product_brand","embeddable":true,"href":"https:\/\/innocentiemangonipiante.it\/de\/wp-json\/wp\/v2\/product_brand?post=14928"},{"taxonomy":"product_cat","embeddable":true,"href":"https:\/\/innocentiemangonipiante.it\/de\/wp-json\/wp\/v2\/product_cat?post=14928"},{"taxonomy":"product_tag","embeddable":true,"href":"https:\/\/innocentiemangonipiante.it\/de\/wp-json\/wp\/v2\/product_tag?post=14928"}],"curies":[{"name":"wp","href":"https:\/\/api.w.org\/{rel}","templated":true}]}}