{"id":14933,"date":"2023-11-04T00:30:19","date_gmt":"2023-11-03T23:30:19","guid":{"rendered":"http:\/\/innocentiemangonipiante.it\/cotinus-coggygria-royal-purple\/"},"modified":"2023-11-06T18:02:23","modified_gmt":"2023-11-06T17:02:23","slug":"cotinus-coggygria-royal-purple","status":"publish","type":"product","link":"https:\/\/innocentiemangonipiante.it\/de\/cotinus-coggygria-royal-purple\/","title":{"rendered":"COTINUS coggygria &#8218;Royal Purple&#8216;"},"content":{"rendered":"<p>Mittlerer sommergr\u00fcner Strauch mit aufrechtem Wuchs in jungen Jahren, unregelm\u00e4\u00dfig ausladend im Alter. Die abwechselnd eif\u00f6rmigen und ovalen, dunkelroten, fast purpurfarbenen Bl\u00e4tter werden 7-8 cm lang und f\u00e4rben sich im Herbst gelb-orange.Im Juni-Juli r\u00f6tlich-gelbe Bl\u00fcten auf bis zu 20 cm langen Rispen.<\/p>\n","protected":false},"excerpt":{"rendered":"<p>Mittlerer sommergr\u00fcner Strauch mit aufrechtem Wuchs in jungen Jahren, unregelm\u00e4\u00dfig ausladend im Alter. Die abwechselnd eif\u00f6rmigen und ovalen, dunkelroten, fast purpurfarbenen Bl\u00e4tter werden 7-8 cm lang und f\u00e4rben sich im Herbst gelb-orange.Im Juni-Juli r\u00f6tlich-gelbe Bl\u00fcten auf bis zu 20 cm langen Rispen.<\/p>\n","protected":false},"featured_media":2056,"template":"","meta":{"_acf_changed":false},"product_brand":[],"product_cat":[8813],"product_tag":[10898,8736],"class_list":{"0":"post-14933","1":"product","2":"type-product","3":"status-publish","4":"has-post-thumbnail","6":"product_cat-laubbaume-und-straucher","7":"product_tag-naturlichen","8":"product_tag-fusstamm","9":"pa_altezza-massima-300-de","10":"pa_altezza-massima-400-de","11":"pa_colore-delle-foglie-roten","12":"pa_colore-fioritura-gelbe","13":"pa_condizionamento-clt-de","14":"pa_condizionamento-jungplanzen","15":"pa_famiglia-anacardiaceae-de","16":"pa_genere-cotinus-de","17":"pa_origine-europe-de","18":"pa_periodo-fioritura-juli","19":"pa_periodo-fioritura-juni","20":"pa_portamento-allargato-de","21":"pa_resistenza-climatica-sehr-hoch","22":"pa_resistenza-del-suolo-bestandig-gegen-kalkhaltige-boden","23":"pa_resistenza-del-suolo-bestandig-gegen-trockene-boden","24":"pa_utilizzo-kleine-gaerten","25":"pa_utilizzo-parks-de","27":"first","28":"instock","29":"purchasable","30":"product-type-simple"},"acf":[],"_links":{"self":[{"href":"https:\/\/innocentiemangonipiante.it\/de\/wp-json\/wp\/v2\/product\/14933","targetHints":{"allow":["GET"]}}],"collection":[{"href":"https:\/\/innocentiemangonipiante.it\/de\/wp-json\/wp\/v2\/product"}],"about":[{"href":"https:\/\/innocentiemangonipiante.it\/de\/wp-json\/wp\/v2\/types\/product"}],"wp:featuredmedia":[{"embeddable":true,"href":"https:\/\/innocentiemangonipiante.it\/de\/wp-json\/wp\/v2\/media\/2056"}],"wp:attachment":[{"href":"https:\/\/innocentiemangonipiante.it\/de\/wp-json\/wp\/v2\/media?parent=14933"}],"wp:term":[{"taxonomy":"product_brand","embeddable":true,"href":"https:\/\/innocentiemangonipiante.it\/de\/wp-json\/wp\/v2\/product_brand?post=14933"},{"taxonomy":"product_cat","embeddable":true,"href":"https:\/\/innocentiemangonipiante.it\/de\/wp-json\/wp\/v2\/product_cat?post=14933"},{"taxonomy":"product_tag","embeddable":true,"href":"https:\/\/innocentiemangonipiante.it\/de\/wp-json\/wp\/v2\/product_tag?post=14933"}],"curies":[{"name":"wp","href":"https:\/\/api.w.org\/{rel}","templated":true}]}}