{"id":14934,"date":"2023-11-04T00:31:14","date_gmt":"2023-11-03T23:31:14","guid":{"rendered":"http:\/\/innocentiemangonipiante.it\/cotoneaster-x-suecicus-skogholm\/"},"modified":"2023-11-06T18:03:12","modified_gmt":"2023-11-06T17:03:12","slug":"cotoneaster-x-suecicus-skogholm","status":"publish","type":"product","link":"https:\/\/innocentiemangonipiante.it\/de\/cotoneaster-x-suecicus-skogholm\/","title":{"rendered":"COTONEASTER x suecicus &#8218;Skogholm&#8216;"},"content":{"rendered":"<p>Immergr\u00fcn, geduckter Wuchs. Eif\u00f6rmige dunkelgr\u00fcne bis 2 cm lange Bl\u00e4tter.<\/p>\n","protected":false},"excerpt":{"rendered":"<p>Immergr\u00fcn, geduckter Wuchs. Eif\u00f6rmige dunkelgr\u00fcne bis 2 cm lange Bl\u00e4tter.<\/p>\n","protected":false},"featured_media":2087,"template":"","meta":{"_acf_changed":false},"product_brand":[],"product_cat":[8816],"product_tag":[10898],"class_list":{"0":"post-14934","1":"product","2":"type-product","3":"status-publish","4":"has-post-thumbnail","6":"product_cat-hartnaeckige-baeume-und-straeucher","7":"product_tag-naturlichen","8":"pa_altezza-massima-0_50-meter","9":"pa_altezza-massima-100-de","10":"pa_colore-fioritura-weis","11":"pa_condizionamento-clt-de","12":"pa_famiglia-rosaceae-de","13":"pa_genere-cotoneaster-de","14":"pa_inquinamento-bestaendigkeit-gegen-smog","15":"pa_origine-ostasien","16":"pa_periodo-fioritura-april-de","17":"pa_periodo-fioritura-mai-de","18":"pa_portamento-piangente-de","19":"pa_resistenza-climatica-sehr-hoch","20":"pa_resistenza-del-suolo-bestandig-gegen-kalkhaltige-boden","21":"pa_utilizzo-kleine-gaerten","23":"first","24":"instock","25":"purchasable","26":"product-type-simple"},"acf":[],"_links":{"self":[{"href":"https:\/\/innocentiemangonipiante.it\/de\/wp-json\/wp\/v2\/product\/14934","targetHints":{"allow":["GET"]}}],"collection":[{"href":"https:\/\/innocentiemangonipiante.it\/de\/wp-json\/wp\/v2\/product"}],"about":[{"href":"https:\/\/innocentiemangonipiante.it\/de\/wp-json\/wp\/v2\/types\/product"}],"wp:featuredmedia":[{"embeddable":true,"href":"https:\/\/innocentiemangonipiante.it\/de\/wp-json\/wp\/v2\/media\/2087"}],"wp:attachment":[{"href":"https:\/\/innocentiemangonipiante.it\/de\/wp-json\/wp\/v2\/media?parent=14934"}],"wp:term":[{"taxonomy":"product_brand","embeddable":true,"href":"https:\/\/innocentiemangonipiante.it\/de\/wp-json\/wp\/v2\/product_brand?post=14934"},{"taxonomy":"product_cat","embeddable":true,"href":"https:\/\/innocentiemangonipiante.it\/de\/wp-json\/wp\/v2\/product_cat?post=14934"},{"taxonomy":"product_tag","embeddable":true,"href":"https:\/\/innocentiemangonipiante.it\/de\/wp-json\/wp\/v2\/product_tag?post=14934"}],"curies":[{"name":"wp","href":"https:\/\/api.w.org\/{rel}","templated":true}]}}