{"id":14935,"date":"2023-11-04T00:31:00","date_gmt":"2023-11-03T23:31:00","guid":{"rendered":"http:\/\/innocentiemangonipiante.it\/cotoneaster-lacteus\/"},"modified":"2023-11-06T18:03:06","modified_gmt":"2023-11-06T17:03:06","slug":"cotoneaster-lacteus","status":"publish","type":"product","link":"https:\/\/innocentiemangonipiante.it\/de\/cotoneaster-lacteus\/","title":{"rendered":"COTONEASTER lacteus"},"content":{"rendered":"<p>Immergr\u00fcn. Weiche, nach unten h\u00e4ngende Zweige. Eif\u00f6rmige 3-5 cm lange und dunkelgr\u00fcne Bl\u00e4tter.<\/p>\n","protected":false},"excerpt":{"rendered":"<p>Immergr\u00fcn. Weiche, nach unten h\u00e4ngende Zweige. Eif\u00f6rmige 3-5 cm lange und dunkelgr\u00fcne Bl\u00e4tter.<\/p>\n","protected":false},"featured_media":2081,"template":"","meta":{"_acf_changed":false},"product_brand":[],"product_cat":[8816],"product_tag":[10898],"class_list":{"0":"post-14935","1":"product","2":"type-product","3":"status-publish","4":"has-post-thumbnail","6":"product_cat-hartnaeckige-baeume-und-straeucher","7":"product_tag-naturlichen","8":"pa_altezza-massima-300-de","9":"pa_altezza-massima-400-de","10":"pa_colore-fioritura-weis","11":"pa_condizionamento-clt-de","12":"pa_famiglia-rosaceae-de","13":"pa_genere-cotoneaster-de","14":"pa_inquinamento-bestaendigkeit-gegen-smog","15":"pa_origine-ostasien","16":"pa_periodo-fioritura-juni","17":"pa_periodo-fioritura-mai-de","18":"pa_periodo-fruttificazione-november-de","19":"pa_periodo-fruttificazione-oktober","20":"pa_periodo-fruttificazione-september-de","21":"pa_portamento-arcuato-de","22":"pa_resistenza-climatica-mittel","23":"pa_resistenza-del-suolo-bestandig-gegen-kalkhaltige-boden","24":"pa_utilizzo-kleine-gaerten","25":"pa_utilizzo-parks-de","27":"first","28":"instock","29":"purchasable","30":"product-type-simple"},"acf":[],"_links":{"self":[{"href":"https:\/\/innocentiemangonipiante.it\/de\/wp-json\/wp\/v2\/product\/14935","targetHints":{"allow":["GET"]}}],"collection":[{"href":"https:\/\/innocentiemangonipiante.it\/de\/wp-json\/wp\/v2\/product"}],"about":[{"href":"https:\/\/innocentiemangonipiante.it\/de\/wp-json\/wp\/v2\/types\/product"}],"wp:featuredmedia":[{"embeddable":true,"href":"https:\/\/innocentiemangonipiante.it\/de\/wp-json\/wp\/v2\/media\/2081"}],"wp:attachment":[{"href":"https:\/\/innocentiemangonipiante.it\/de\/wp-json\/wp\/v2\/media?parent=14935"}],"wp:term":[{"taxonomy":"product_brand","embeddable":true,"href":"https:\/\/innocentiemangonipiante.it\/de\/wp-json\/wp\/v2\/product_brand?post=14935"},{"taxonomy":"product_cat","embeddable":true,"href":"https:\/\/innocentiemangonipiante.it\/de\/wp-json\/wp\/v2\/product_cat?post=14935"},{"taxonomy":"product_tag","embeddable":true,"href":"https:\/\/innocentiemangonipiante.it\/de\/wp-json\/wp\/v2\/product_tag?post=14935"}],"curies":[{"name":"wp","href":"https:\/\/api.w.org\/{rel}","templated":true}]}}