{"id":14938,"date":"2023-11-04T00:31:35","date_gmt":"2023-11-03T23:31:35","guid":{"rendered":"http:\/\/innocentiemangonipiante.it\/crataegus-monogyna-stricta\/"},"modified":"2023-11-06T18:03:22","modified_gmt":"2023-11-06T17:03:22","slug":"crataegus-monogyna-stricta","status":"publish","type":"product","link":"https:\/\/innocentiemangonipiante.it\/de\/crataegus-monogyna-stricta\/","title":{"rendered":"CRATAEGUS monogyna &#8218;Stricta&#8216;"},"content":{"rendered":"<p>Kleiner, aufrechter, sommergr\u00fcner Baum mit dichtem s\u00e4ulenf\u00f6rmigem Wuchs.Die paarig angeordneten, eif\u00f6rmigen Bl\u00e4tter mit 3-5-7 Lappen sind gl\u00e4nzend dunkelgr\u00fcn und werden 5-6 cm lang. Im Mai-Juni sprie\u00dfen einfache, wei\u00dfe Bl\u00fcten, die in Gruppen von 6-12 Bl\u00fcten vereint sind. Runde, gl\u00e4nzende und dunkelrote Fr\u00fcchte.<\/p>\n","protected":false},"excerpt":{"rendered":"<p>Kleiner, aufrechter, sommergr\u00fcner Baum mit dichtem s\u00e4ulenf\u00f6rmigem Wuchs.Die paarig angeordneten, eif\u00f6rmigen Bl\u00e4tter mit 3-5-7 Lappen sind gl\u00e4nzend dunkelgr\u00fcn und werden 5-6 cm lang. Im Mai-Juni sprie\u00dfen einfache, wei\u00dfe Bl\u00fcten, die in Gruppen von 6-12 Bl\u00fcten vereint sind. Runde, gl\u00e4nzende und dunkelrote Fr\u00fcchte.<\/p>\n","protected":false},"featured_media":2105,"template":"","meta":{"_acf_changed":false},"product_brand":[],"product_cat":[8813],"product_tag":[10898,8401],"class_list":{"0":"post-14938","1":"product","2":"type-product","3":"status-publish","4":"has-post-thumbnail","6":"product_cat-laubbaume-und-straucher","7":"product_tag-naturlichen","8":"product_tag-hochstamm","9":"pa_altezza-massima-500-de","10":"pa_altezza-massima-800-de","11":"pa_colore-fioritura-weis","12":"pa_condizionamento-clt-de","13":"pa_condizionamento-m-de","14":"pa_famiglia-rosaceae-de","15":"pa_genere-crataegus-de","16":"pa_origine-europaischen-mittelmeeres","17":"pa_periodo-fioritura-juni","18":"pa_periodo-fioritura-mai-de","19":"pa_portamento-saulenformig","20":"pa_profumo-zart","21":"pa_resistenza-climatica-sehr-hoch","22":"pa_resistenza-del-suolo-bestandig-gegen-kalkhaltige-boden","23":"pa_resistenza-del-suolo-resistent-gegen-arme-boeden","24":"pa_utilizzo-kleine-gaerten","25":"pa_utilizzo-parks-de","27":"first","28":"instock","29":"purchasable","30":"product-type-simple"},"acf":[],"_links":{"self":[{"href":"https:\/\/innocentiemangonipiante.it\/de\/wp-json\/wp\/v2\/product\/14938","targetHints":{"allow":["GET"]}}],"collection":[{"href":"https:\/\/innocentiemangonipiante.it\/de\/wp-json\/wp\/v2\/product"}],"about":[{"href":"https:\/\/innocentiemangonipiante.it\/de\/wp-json\/wp\/v2\/types\/product"}],"wp:featuredmedia":[{"embeddable":true,"href":"https:\/\/innocentiemangonipiante.it\/de\/wp-json\/wp\/v2\/media\/2105"}],"wp:attachment":[{"href":"https:\/\/innocentiemangonipiante.it\/de\/wp-json\/wp\/v2\/media?parent=14938"}],"wp:term":[{"taxonomy":"product_brand","embeddable":true,"href":"https:\/\/innocentiemangonipiante.it\/de\/wp-json\/wp\/v2\/product_brand?post=14938"},{"taxonomy":"product_cat","embeddable":true,"href":"https:\/\/innocentiemangonipiante.it\/de\/wp-json\/wp\/v2\/product_cat?post=14938"},{"taxonomy":"product_tag","embeddable":true,"href":"https:\/\/innocentiemangonipiante.it\/de\/wp-json\/wp\/v2\/product_tag?post=14938"}],"curies":[{"name":"wp","href":"https:\/\/api.w.org\/{rel}","templated":true}]}}