{"id":14939,"date":"2023-11-04T00:31:27","date_gmt":"2023-11-03T23:31:27","guid":{"rendered":"http:\/\/innocentiemangonipiante.it\/crataegus-monogyna\/"},"modified":"2023-11-06T18:03:18","modified_gmt":"2023-11-06T17:03:18","slug":"crataegus-monogyna","status":"publish","type":"product","link":"https:\/\/innocentiemangonipiante.it\/de\/crataegus-monogyna\/","title":{"rendered":"CRATAEGUS monogyna"},"content":{"rendered":"<p>Gemeinsame Wei\u00dfdorne, Sommergr\u00fcner dorniger Strauch, wei\u00dfe Blumen im sp\u00e4ten Fr\u00fchjahr, rote Beeren im Herbst.<\/p>\n","protected":false},"excerpt":{"rendered":"<p>Gemeinsame Wei\u00dfdorne, Sommergr\u00fcner dorniger Strauch, wei\u00dfe Blumen im sp\u00e4ten Fr\u00fchjahr, rote Beeren im Herbst.<\/p>\n","protected":false},"featured_media":2099,"template":"","meta":{"_acf_changed":false},"product_brand":[],"product_cat":[8813,9231],"product_tag":[10898],"class_list":{"0":"post-14939","1":"product","2":"type-product","3":"status-publish","4":"has-post-thumbnail","6":"product_cat-laubbaume-und-straucher","7":"product_cat-baume-und-pflanzen-der-zukunft","8":"product_tag-naturlichen","9":"pa_altezza-massima-500-de","10":"pa_altezza-massima-800-de","11":"pa_colore-fioritura-weis","12":"pa_condizionamento-clt-de","13":"pa_condizionamento-m-de","14":"pa_famiglia-rosaceae-de","15":"pa_genere-crataegus-de","16":"pa_origine-europaischen-mittelmeeres","17":"pa_periodo-fioritura-april-de","18":"pa_periodo-fioritura-maerz","19":"pa_portamento-arrotondato-de","20":"pa_profumo-zart","21":"pa_resistenza-climatica-sehr-hoch","22":"pa_resistenza-del-suolo-bestandig-gegen-kalkhaltige-boden","23":"pa_resistenza-del-suolo-resistent-gegen-arme-boeden","24":"pa_utilizzo-kleine-gaerten","25":"pa_utilizzo-parks-de","27":"first","28":"instock","29":"purchasable","30":"product-type-simple"},"acf":[],"_links":{"self":[{"href":"https:\/\/innocentiemangonipiante.it\/de\/wp-json\/wp\/v2\/product\/14939","targetHints":{"allow":["GET"]}}],"collection":[{"href":"https:\/\/innocentiemangonipiante.it\/de\/wp-json\/wp\/v2\/product"}],"about":[{"href":"https:\/\/innocentiemangonipiante.it\/de\/wp-json\/wp\/v2\/types\/product"}],"wp:featuredmedia":[{"embeddable":true,"href":"https:\/\/innocentiemangonipiante.it\/de\/wp-json\/wp\/v2\/media\/2099"}],"wp:attachment":[{"href":"https:\/\/innocentiemangonipiante.it\/de\/wp-json\/wp\/v2\/media?parent=14939"}],"wp:term":[{"taxonomy":"product_brand","embeddable":true,"href":"https:\/\/innocentiemangonipiante.it\/de\/wp-json\/wp\/v2\/product_brand?post=14939"},{"taxonomy":"product_cat","embeddable":true,"href":"https:\/\/innocentiemangonipiante.it\/de\/wp-json\/wp\/v2\/product_cat?post=14939"},{"taxonomy":"product_tag","embeddable":true,"href":"https:\/\/innocentiemangonipiante.it\/de\/wp-json\/wp\/v2\/product_tag?post=14939"}],"curies":[{"name":"wp","href":"https:\/\/api.w.org\/{rel}","templated":true}]}}