{"id":14940,"date":"2023-11-04T00:31:21","date_gmt":"2023-11-03T23:31:21","guid":{"rendered":"http:\/\/innocentiemangonipiante.it\/crataegus-laevigata-pauls-scarlet\/"},"modified":"2023-11-06T18:03:15","modified_gmt":"2023-11-06T17:03:15","slug":"crataegus-laevigata-pauls-scarlet","status":"publish","type":"product","link":"https:\/\/innocentiemangonipiante.it\/de\/crataegus-laevigata-pauls-scarlet\/","title":{"rendered":"CRATAEGUS laevigata&#8216; Paul&#8217;s Scarlet&#8216;"},"content":{"rendered":"<p>Kleiner,sommergr\u00fcner und rundlicher Baum mit paarig angeordneten, drei- bis f\u00fcnflappigen Bl\u00e4ttern, die leicht eif\u00f6rmig, dunkelgr\u00fcn und etwas heller auf der Blattunterseite sind. Im Mai-Juni sprie\u00dfen zahlreiche rosa und lebhaft dunkelrote Doppelbl\u00fcten. Sehr winterhart, auch an der grossen K\u00e4lte. Ertr\u00e4gt sehr gut viele Bodenarten. Eignet sich gut f\u00fcr Fuss- und Strassenwegen.<\/p>\n","protected":false},"excerpt":{"rendered":"<p>Kleiner,sommergr\u00fcner und rundlicher Baum mit paarig angeordneten, drei- bis f\u00fcnflappigen Bl\u00e4ttern, die leicht eif\u00f6rmig, dunkelgr\u00fcn und etwas heller auf der Blattunterseite sind. Im Mai-Juni sprie\u00dfen zahlreiche rosa und lebhaft dunkelrote Doppelbl\u00fcten. Sehr winterhart, auch an der grossen K\u00e4lte. Ertr\u00e4gt sehr gut viele Bodenarten. Eignet sich gut f\u00fcr Fuss- und Strassenwegen.<\/p>\n","protected":false},"featured_media":2093,"template":"","meta":{"_acf_changed":false},"product_brand":[],"product_cat":[8813],"product_tag":[10898,8401,8597],"class_list":{"0":"post-14940","1":"product","2":"type-product","3":"status-publish","4":"has-post-thumbnail","6":"product_cat-laubbaume-und-straucher","7":"product_tag-naturlichen","8":"product_tag-hochstamm","9":"product_tag-multistamm","10":"pa_altezza-massima-400-de","11":"pa_altezza-massima-600-de","12":"pa_colore-fioritura-rose-de","13":"pa_condizionamento-clt-de","14":"pa_condizionamento-m-de","15":"pa_famiglia-rosaceae-de","16":"pa_genere-crataegus-de","17":"pa_origine-england-de","18":"pa_periodo-fioritura-juni","19":"pa_periodo-fioritura-mai-de","20":"pa_portamento-arrotondato-de","21":"pa_resistenza-climatica-sehr-hoch","22":"pa_resistenza-del-suolo-bestandig-gegen-kalkhaltige-boden","23":"pa_resistenza-del-suolo-resistent-gegen-arme-boeden","24":"pa_utilizzo-kleine-gaerten","25":"pa_utilizzo-parks-de","27":"first","28":"instock","29":"purchasable","30":"product-type-simple"},"acf":[],"_links":{"self":[{"href":"https:\/\/innocentiemangonipiante.it\/de\/wp-json\/wp\/v2\/product\/14940","targetHints":{"allow":["GET"]}}],"collection":[{"href":"https:\/\/innocentiemangonipiante.it\/de\/wp-json\/wp\/v2\/product"}],"about":[{"href":"https:\/\/innocentiemangonipiante.it\/de\/wp-json\/wp\/v2\/types\/product"}],"wp:featuredmedia":[{"embeddable":true,"href":"https:\/\/innocentiemangonipiante.it\/de\/wp-json\/wp\/v2\/media\/2093"}],"wp:attachment":[{"href":"https:\/\/innocentiemangonipiante.it\/de\/wp-json\/wp\/v2\/media?parent=14940"}],"wp:term":[{"taxonomy":"product_brand","embeddable":true,"href":"https:\/\/innocentiemangonipiante.it\/de\/wp-json\/wp\/v2\/product_brand?post=14940"},{"taxonomy":"product_cat","embeddable":true,"href":"https:\/\/innocentiemangonipiante.it\/de\/wp-json\/wp\/v2\/product_cat?post=14940"},{"taxonomy":"product_tag","embeddable":true,"href":"https:\/\/innocentiemangonipiante.it\/de\/wp-json\/wp\/v2\/product_tag?post=14940"}],"curies":[{"name":"wp","href":"https:\/\/api.w.org\/{rel}","templated":true}]}}