{"id":14941,"date":"2023-11-04T00:31:50","date_gmt":"2023-11-03T23:31:50","guid":{"rendered":"http:\/\/innocentiemangonipiante.it\/crataegus-x-lavallei-carrierei\/"},"modified":"2023-11-06T18:03:28","modified_gmt":"2023-11-06T17:03:28","slug":"crataegus-x-lavallei-carrierei","status":"publish","type":"product","link":"https:\/\/innocentiemangonipiante.it\/de\/crataegus-x-lavallei-carrierei\/","title":{"rendered":"CRATAEGUS x lavallei &#8218;Carrierei&#8216;"},"content":{"rendered":"<p>Kleiner, sommergr\u00fcner ausladender Baum. Die wechselst\u00e4ndigen, elliptischen, l\u00e4nglichen Bl\u00e4tter sind dunkelgr\u00fcn und werden 8 bis 15 cm lang.Im Mai sprie\u00dfen wei\u00dfe, 2 cm breite Rispenbl\u00fcten, aus denen rot-orangefarbene beerenf\u00f6rmige Fr\u00fcchte hervorgehen. Sehr winterhart, eignet sich gut f\u00fcr schwierige Situationen als Strauch oder als Baum f\u00fcr Fusswege oder Terrassen.<\/p>\n","protected":false},"excerpt":{"rendered":"<p>Kleiner, sommergr\u00fcner ausladender Baum. Die wechselst\u00e4ndigen, elliptischen, l\u00e4nglichen Bl\u00e4tter sind dunkelgr\u00fcn und werden 8 bis 15 cm lang.Im Mai sprie\u00dfen wei\u00dfe, 2 cm breite Rispenbl\u00fcten, aus denen rot-orangefarbene beerenf\u00f6rmige Fr\u00fcchte hervorgehen. Sehr winterhart, eignet sich gut f\u00fcr schwierige Situationen als Strauch oder als Baum f\u00fcr Fusswege oder Terrassen.<\/p>\n","protected":false},"featured_media":2112,"template":"","meta":{"_acf_changed":false},"product_brand":[],"product_cat":[8813],"product_tag":[10898,8401],"class_list":{"0":"post-14941","1":"product","2":"type-product","3":"status-publish","4":"has-post-thumbnail","6":"product_cat-laubbaume-und-straucher","7":"product_tag-naturlichen","8":"product_tag-hochstamm","9":"pa_altezza-massima-500-de","10":"pa_altezza-massima-800-de","11":"pa_colore-fioritura-weis","12":"pa_condizionamento-clt-de","13":"pa_condizionamento-m-de","14":"pa_famiglia-rosaceae-de","15":"pa_genere-crataegus-de","16":"pa_inquinamento-bestaendigkeit-gegen-smog","17":"pa_origine-frankreich","18":"pa_periodo-fioritura-mai-de","19":"pa_portamento-allargato-de","20":"pa_profumo-intensiv","21":"pa_resistenza-climatica-sehr-hoch","22":"pa_resistenza-del-suolo-bestandig-gegen-kalkhaltige-boden","23":"pa_resistenza-del-suolo-resistent-gegen-arme-boeden","24":"pa_utilizzo-alleen","25":"pa_utilizzo-kleine-gaerten","26":"pa_utilizzo-parks-de","28":"first","29":"instock","30":"purchasable","31":"product-type-simple"},"acf":[],"_links":{"self":[{"href":"https:\/\/innocentiemangonipiante.it\/de\/wp-json\/wp\/v2\/product\/14941","targetHints":{"allow":["GET"]}}],"collection":[{"href":"https:\/\/innocentiemangonipiante.it\/de\/wp-json\/wp\/v2\/product"}],"about":[{"href":"https:\/\/innocentiemangonipiante.it\/de\/wp-json\/wp\/v2\/types\/product"}],"wp:featuredmedia":[{"embeddable":true,"href":"https:\/\/innocentiemangonipiante.it\/de\/wp-json\/wp\/v2\/media\/2112"}],"wp:attachment":[{"href":"https:\/\/innocentiemangonipiante.it\/de\/wp-json\/wp\/v2\/media?parent=14941"}],"wp:term":[{"taxonomy":"product_brand","embeddable":true,"href":"https:\/\/innocentiemangonipiante.it\/de\/wp-json\/wp\/v2\/product_brand?post=14941"},{"taxonomy":"product_cat","embeddable":true,"href":"https:\/\/innocentiemangonipiante.it\/de\/wp-json\/wp\/v2\/product_cat?post=14941"},{"taxonomy":"product_tag","embeddable":true,"href":"https:\/\/innocentiemangonipiante.it\/de\/wp-json\/wp\/v2\/product_tag?post=14941"}],"curies":[{"name":"wp","href":"https:\/\/api.w.org\/{rel}","templated":true}]}}