{"id":14942,"date":"2023-11-04T00:31:41","date_gmt":"2023-11-03T23:31:41","guid":{"rendered":"http:\/\/innocentiemangonipiante.it\/crataegus-x-grignonensis\/"},"modified":"2023-11-06T18:03:25","modified_gmt":"2023-11-06T17:03:25","slug":"crataegus-x-grignonensis","status":"publish","type":"product","link":"https:\/\/innocentiemangonipiante.it\/de\/crataegus-x-grignonensis\/","title":{"rendered":"CRATAEGUS x grignonensis"},"content":{"rendered":"<p>Breitwachsender Baum. Dunkelgr\u00fcne, eiformige, bis 6 cm lange Bl\u00e4tter. Im Juni produziert er weiss-rosafarbige Bl\u00fcten, gefolgt von rot-braunfarbigen, bis 1,5 Cm breiten Fr\u00fcchten.<\/p>\n","protected":false},"excerpt":{"rendered":"<p>Breitwachsender Baum. Dunkelgr\u00fcne, eiformige, bis 6 cm lange Bl\u00e4tter. Im Juni produziert er weiss-rosafarbige Bl\u00fcten, gefolgt von rot-braunfarbigen, bis 1,5 Cm breiten Fr\u00fcchten.<\/p>\n","protected":false},"featured_media":0,"template":"","meta":{"_acf_changed":false},"product_brand":[],"product_cat":[8813],"product_tag":[10898,8401],"class_list":{"0":"post-14942","1":"product","2":"type-product","3":"status-publish","5":"product_cat-laubbaume-und-straucher","6":"product_tag-naturlichen","7":"product_tag-hochstamm","8":"pa_altezza-massima-500-de","9":"pa_altezza-massima-800-de","10":"pa_colore-fioritura-weis","11":"pa_condizionamento-clt-de","12":"pa_condizionamento-m-de","13":"pa_famiglia-rosaceae-de","14":"pa_genere-crataegus-de","15":"pa_origine-westeuropa","16":"pa_periodo-fioritura-juni","17":"pa_portamento-allargato-de","18":"pa_profumo-intensiv","19":"pa_resistenza-climatica-sehr-hoch","20":"pa_resistenza-del-suolo-bestandig-gegen-kalkhaltige-boden","21":"pa_resistenza-del-suolo-resistent-gegen-arme-boeden","22":"pa_utilizzo-kleine-gaerten","23":"pa_utilizzo-parks-de","25":"first","26":"instock","27":"purchasable","28":"product-type-simple"},"acf":[],"_links":{"self":[{"href":"https:\/\/innocentiemangonipiante.it\/de\/wp-json\/wp\/v2\/product\/14942","targetHints":{"allow":["GET"]}}],"collection":[{"href":"https:\/\/innocentiemangonipiante.it\/de\/wp-json\/wp\/v2\/product"}],"about":[{"href":"https:\/\/innocentiemangonipiante.it\/de\/wp-json\/wp\/v2\/types\/product"}],"wp:attachment":[{"href":"https:\/\/innocentiemangonipiante.it\/de\/wp-json\/wp\/v2\/media?parent=14942"}],"wp:term":[{"taxonomy":"product_brand","embeddable":true,"href":"https:\/\/innocentiemangonipiante.it\/de\/wp-json\/wp\/v2\/product_brand?post=14942"},{"taxonomy":"product_cat","embeddable":true,"href":"https:\/\/innocentiemangonipiante.it\/de\/wp-json\/wp\/v2\/product_cat?post=14942"},{"taxonomy":"product_tag","embeddable":true,"href":"https:\/\/innocentiemangonipiante.it\/de\/wp-json\/wp\/v2\/product_tag?post=14942"}],"curies":[{"name":"wp","href":"https:\/\/api.w.org\/{rel}","templated":true}]}}