{"id":14944,"date":"2023-11-04T00:32:26","date_gmt":"2023-11-03T23:32:26","guid":{"rendered":"http:\/\/innocentiemangonipiante.it\/cryptomeria-japonica-globosa-nana\/"},"modified":"2023-11-06T18:03:43","modified_gmt":"2023-11-06T17:03:43","slug":"cryptomeria-japonica-globosa-nana","status":"publish","type":"product","link":"https:\/\/innocentiemangonipiante.it\/de\/cryptomeria-japonica-globosa-nana\/","title":{"rendered":"CRYPTOMERIA japonica &#8218;Globosa Nana&#8216;"},"content":{"rendered":"<p>Kompakter, rundlicher zwergw\u00fcchsiger Nadelbaum. Das Blattwerk ist dicht und besteht aus steifen Bl\u00e4ttchen, die senkrecht auf den gl\u00e4nzenden, gr\u00fcnen nach unten h\u00e4ngenden Zweigen angeordnet sind.<\/p>\n","protected":false},"excerpt":{"rendered":"<p>Kompakter, rundlicher zwergw\u00fcchsiger Nadelbaum. Das Blattwerk ist dicht und besteht aus steifen Bl\u00e4ttchen, die senkrecht auf den gl\u00e4nzenden, gr\u00fcnen nach unten h\u00e4ngenden Zweigen angeordnet sind.<\/p>\n","protected":false},"featured_media":2125,"template":"","meta":{"_acf_changed":false},"product_brand":[],"product_cat":[8825],"product_tag":[10898],"class_list":{"0":"post-14944","1":"product","2":"type-product","3":"status-publish","4":"has-post-thumbnail","6":"product_cat-koniferen","7":"product_tag-naturlichen","8":"pa_altezza-massima-200-de","9":"pa_altezza-massima-300-de","10":"pa_famiglia-taxodiaceae-de","11":"pa_genere-cryptomeria-de","12":"pa_origine-ostasien","13":"pa_portamento-arrotondato-de","14":"pa_resistenza-climatica-sehr-hoch","15":"pa_resistenza-del-suolo-resistent-gegen-arme-boeden","16":"pa_salinita-bestaendigkeit-in-meeresluft","17":"pa_utilizzo-kleine-gaerten","19":"first","20":"instock","21":"purchasable","22":"product-type-simple"},"acf":[],"_links":{"self":[{"href":"https:\/\/innocentiemangonipiante.it\/de\/wp-json\/wp\/v2\/product\/14944","targetHints":{"allow":["GET"]}}],"collection":[{"href":"https:\/\/innocentiemangonipiante.it\/de\/wp-json\/wp\/v2\/product"}],"about":[{"href":"https:\/\/innocentiemangonipiante.it\/de\/wp-json\/wp\/v2\/types\/product"}],"wp:featuredmedia":[{"embeddable":true,"href":"https:\/\/innocentiemangonipiante.it\/de\/wp-json\/wp\/v2\/media\/2125"}],"wp:attachment":[{"href":"https:\/\/innocentiemangonipiante.it\/de\/wp-json\/wp\/v2\/media?parent=14944"}],"wp:term":[{"taxonomy":"product_brand","embeddable":true,"href":"https:\/\/innocentiemangonipiante.it\/de\/wp-json\/wp\/v2\/product_brand?post=14944"},{"taxonomy":"product_cat","embeddable":true,"href":"https:\/\/innocentiemangonipiante.it\/de\/wp-json\/wp\/v2\/product_cat?post=14944"},{"taxonomy":"product_tag","embeddable":true,"href":"https:\/\/innocentiemangonipiante.it\/de\/wp-json\/wp\/v2\/product_tag?post=14944"}],"curies":[{"name":"wp","href":"https:\/\/api.w.org\/{rel}","templated":true}]}}