{"id":14945,"date":"2023-11-04T00:31:57","date_gmt":"2023-11-03T23:31:57","guid":{"rendered":"http:\/\/innocentiemangonipiante.it\/cryptomeria-japonica-araucarioides\/"},"modified":"2023-11-06T18:03:31","modified_gmt":"2023-11-06T17:03:31","slug":"cryptomeria-japonica-araucarioides","status":"publish","type":"product","link":"https:\/\/innocentiemangonipiante.it\/de\/cryptomeria-japonica-araucarioides\/","title":{"rendered":"CRYPTOMERIA japonica &#8218;Araucarioides&#8216;"},"content":{"rendered":"<p>Unregelm\u00e4\u00dfig konisch geformte Sorte mit sehr langen, vorstehenden und h\u00e4ngenden \u00c4sten. Die Nadeln sind mittelgr\u00fcn, k\u00fcrzer und dicker als die sortentypischen.<\/p>\n","protected":false},"excerpt":{"rendered":"<p>Unregelm\u00e4\u00dfig konisch geformte Sorte mit sehr langen, vorstehenden und h\u00e4ngenden \u00c4sten. Die Nadeln sind mittelgr\u00fcn, k\u00fcrzer und dicker als die sortentypischen.<\/p>\n","protected":false},"featured_media":2118,"template":"","meta":{"_acf_changed":false},"product_brand":[],"product_cat":[8825],"product_tag":[10898],"class_list":{"0":"post-14945","1":"product","2":"type-product","3":"status-publish","4":"has-post-thumbnail","6":"product_cat-koniferen","7":"product_tag-naturlichen","8":"pa_altezza-massima-500-de","9":"pa_altezza-massima-800-de","10":"pa_condizionamento-clt-de","11":"pa_famiglia-taxodiaceae-de","12":"pa_genere-cryptomeria-de","13":"pa_origine-japan-de","14":"pa_portamento-piramidale-de","15":"pa_resistenza-climatica-mittel-hoch","16":"pa_resistenza-del-suolo-resistent-gegen-arme-boeden","17":"pa_salinita-bestaendigkeit-in-meeresluft","18":"pa_utilizzo-parks-de","20":"first","21":"instock","22":"purchasable","23":"product-type-simple"},"acf":[],"_links":{"self":[{"href":"https:\/\/innocentiemangonipiante.it\/de\/wp-json\/wp\/v2\/product\/14945","targetHints":{"allow":["GET"]}}],"collection":[{"href":"https:\/\/innocentiemangonipiante.it\/de\/wp-json\/wp\/v2\/product"}],"about":[{"href":"https:\/\/innocentiemangonipiante.it\/de\/wp-json\/wp\/v2\/types\/product"}],"wp:featuredmedia":[{"embeddable":true,"href":"https:\/\/innocentiemangonipiante.it\/de\/wp-json\/wp\/v2\/media\/2118"}],"wp:attachment":[{"href":"https:\/\/innocentiemangonipiante.it\/de\/wp-json\/wp\/v2\/media?parent=14945"}],"wp:term":[{"taxonomy":"product_brand","embeddable":true,"href":"https:\/\/innocentiemangonipiante.it\/de\/wp-json\/wp\/v2\/product_brand?post=14945"},{"taxonomy":"product_cat","embeddable":true,"href":"https:\/\/innocentiemangonipiante.it\/de\/wp-json\/wp\/v2\/product_cat?post=14945"},{"taxonomy":"product_tag","embeddable":true,"href":"https:\/\/innocentiemangonipiante.it\/de\/wp-json\/wp\/v2\/product_tag?post=14945"}],"curies":[{"name":"wp","href":"https:\/\/api.w.org\/{rel}","templated":true}]}}