{"id":14950,"date":"2023-11-04T00:33:20","date_gmt":"2023-11-03T23:33:20","guid":{"rendered":"http:\/\/innocentiemangonipiante.it\/cupressocyparis-leylandii-castlewellan-gold\/"},"modified":"2023-11-06T18:04:26","modified_gmt":"2023-11-06T17:04:26","slug":"cupressocyparis-leylandii-castlewellan-gold","status":"publish","type":"product","link":"https:\/\/innocentiemangonipiante.it\/de\/cupressocyparis-leylandii-castlewellan-gold\/","title":{"rendered":"CUPRESSOCYPARIS leylandii &#8218;Castlewellan Gold&#8216;"},"content":{"rendered":"<p>Kegel- bis s\u00e4ulenf\u00f6rmiger Nadelbaum. Schuppenf\u00f6rmiges, goldgelbes Laub, das im Winter gelb-bronzefarben wird.<\/p>\n","protected":false},"excerpt":{"rendered":"<p>Kegel- bis s\u00e4ulenf\u00f6rmiger Nadelbaum. Schuppenf\u00f6rmiges, goldgelbes Laub, das im Winter gelb-bronzefarben wird.<\/p>\n","protected":false},"featured_media":39911,"template":"","meta":{"_acf_changed":false},"product_brand":[],"product_cat":[8825],"product_tag":[10898,10957,6251,8736,8565,8705,8717,8757,10949,10953],"class_list":{"0":"post-14950","1":"product","2":"type-product","3":"status-publish","4":"has-post-thumbnail","6":"product_cat-koniferen","7":"product_tag-naturlichen","8":"product_tag-3-aufeinhanderliegenden-kugel","9":"product_tag-bonsai-de","10":"product_tag-fusstamm","11":"product_tag-halbstamm","12":"product_tag-kugel","13":"product_tag-pompons-de","14":"product_tag-spirale-de","15":"product_tag-zylinder-ball","16":"product_tag-zylinder-spirale-de","17":"pa_altezza-massima-1000-de-2","18":"pa_altezza-massima-15-meter","19":"pa_colore-delle-foglie-gelben","20":"pa_condizionamento-clt-de","21":"pa_condizionamento-jungplanzen","22":"pa_condizionamento-schale","23":"pa_famiglia-cupressaceae-de","24":"pa_genere-cupressocyparis-de","25":"pa_origine-england-de","26":"pa_portamento-conico-de","27":"pa_resistenza-climatica-sehr-hoch","28":"pa_resistenza-del-suolo-resistent-gegen-arme-boeden","29":"pa_salinita-bestaendigkeit-in-meeresluft","30":"pa_utilizzo-hecken","31":"pa_utilizzo-parks-de","33":"first","34":"instock","35":"purchasable","36":"product-type-simple"},"acf":[],"_links":{"self":[{"href":"https:\/\/innocentiemangonipiante.it\/de\/wp-json\/wp\/v2\/product\/14950","targetHints":{"allow":["GET"]}}],"collection":[{"href":"https:\/\/innocentiemangonipiante.it\/de\/wp-json\/wp\/v2\/product"}],"about":[{"href":"https:\/\/innocentiemangonipiante.it\/de\/wp-json\/wp\/v2\/types\/product"}],"wp:featuredmedia":[{"embeddable":true,"href":"https:\/\/innocentiemangonipiante.it\/de\/wp-json\/wp\/v2\/media\/39911"}],"wp:attachment":[{"href":"https:\/\/innocentiemangonipiante.it\/de\/wp-json\/wp\/v2\/media?parent=14950"}],"wp:term":[{"taxonomy":"product_brand","embeddable":true,"href":"https:\/\/innocentiemangonipiante.it\/de\/wp-json\/wp\/v2\/product_brand?post=14950"},{"taxonomy":"product_cat","embeddable":true,"href":"https:\/\/innocentiemangonipiante.it\/de\/wp-json\/wp\/v2\/product_cat?post=14950"},{"taxonomy":"product_tag","embeddable":true,"href":"https:\/\/innocentiemangonipiante.it\/de\/wp-json\/wp\/v2\/product_tag?post=14950"}],"curies":[{"name":"wp","href":"https:\/\/api.w.org\/{rel}","templated":true}]}}