{"id":14951,"date":"2023-11-04T00:32:43","date_gmt":"2023-11-03T23:32:43","guid":{"rendered":"http:\/\/innocentiemangonipiante.it\/cupressocyparis-leylandii\/"},"modified":"2023-11-06T18:03:49","modified_gmt":"2023-11-06T17:03:49","slug":"cupressocyparis-leylandii","status":"publish","type":"product","link":"https:\/\/innocentiemangonipiante.it\/de\/cupressocyparis-leylandii\/","title":{"rendered":"CUPRESSOCYPARIS leylandii"},"content":{"rendered":"<p>Schnell wachsender und sehr beliebter Nadelbaum mit regelm\u00e4\u00dfigem und kegelf\u00f6rmigem Wuchs.Sehr dichtes, kompaktes und schuppenf\u00f6rmiges sattgr\u00fcnes Laubwerk. H\u00e4lt sehr gut alle B\u00f6denarten und Klimasituationen, auch extremen wie in K\u00fcstengebieten aus. Leichter Baum, bei der Verpflanzung bevorzugt geschnitten zu werden. In kleinen Gr\u00f6\u00dfen ist seht gut geeignet, um schnelle Hecken zu bilden, oder als grosser Solitair-Baum.<\/p>\n","protected":false},"excerpt":{"rendered":"<p>Schnell wachsender und sehr beliebter Nadelbaum mit regelm\u00e4\u00dfigem und kegelf\u00f6rmigem Wuchs.Sehr dichtes, kompaktes und schuppenf\u00f6rmiges sattgr\u00fcnes Laubwerk. H\u00e4lt sehr gut alle B\u00f6denarten und Klimasituationen, auch extremen wie in K\u00fcstengebieten aus. Leichter Baum, bei der Verpflanzung bevorzugt geschnitten zu werden. In kleinen Gr\u00f6\u00dfen ist seht gut geeignet, um schnelle Hecken zu bilden, oder als grosser Solitair-Baum.<\/p>\n","protected":false},"featured_media":2137,"template":"","meta":{"_acf_changed":false},"product_brand":[],"product_cat":[8825],"product_tag":[10898,8736,8425,8717,8757],"class_list":{"0":"post-14951","1":"product","2":"type-product","3":"status-publish","4":"has-post-thumbnail","6":"product_cat-koniferen","7":"product_tag-naturlichen","8":"product_tag-fusstamm","9":"product_tag-hochstamm-spalier","10":"product_tag-pompons-de","11":"product_tag-spirale-de","12":"pa_altezza-massima-20-meter","13":"pa_altezza-massima-30-meter","14":"pa_condizionamento-clt-de","15":"pa_condizionamento-jungplanzen","16":"pa_condizionamento-m-de","17":"pa_famiglia-cupressaceae-de","18":"pa_genere-cupressocyparis-de","19":"pa_origine-england-de","20":"pa_portamento-conico-de","21":"pa_resistenza-climatica-sehr-hoch","22":"pa_resistenza-del-suolo-resistent-gegen-arme-boeden","23":"pa_salinita-bestaendigkeit-in-meeresluft","24":"pa_utilizzo-hecken","25":"pa_utilizzo-parks-de","27":"first","28":"instock","29":"purchasable","30":"product-type-simple"},"acf":[],"_links":{"self":[{"href":"https:\/\/innocentiemangonipiante.it\/de\/wp-json\/wp\/v2\/product\/14951","targetHints":{"allow":["GET"]}}],"collection":[{"href":"https:\/\/innocentiemangonipiante.it\/de\/wp-json\/wp\/v2\/product"}],"about":[{"href":"https:\/\/innocentiemangonipiante.it\/de\/wp-json\/wp\/v2\/types\/product"}],"wp:featuredmedia":[{"embeddable":true,"href":"https:\/\/innocentiemangonipiante.it\/de\/wp-json\/wp\/v2\/media\/2137"}],"wp:attachment":[{"href":"https:\/\/innocentiemangonipiante.it\/de\/wp-json\/wp\/v2\/media?parent=14951"}],"wp:term":[{"taxonomy":"product_brand","embeddable":true,"href":"https:\/\/innocentiemangonipiante.it\/de\/wp-json\/wp\/v2\/product_brand?post=14951"},{"taxonomy":"product_cat","embeddable":true,"href":"https:\/\/innocentiemangonipiante.it\/de\/wp-json\/wp\/v2\/product_cat?post=14951"},{"taxonomy":"product_tag","embeddable":true,"href":"https:\/\/innocentiemangonipiante.it\/de\/wp-json\/wp\/v2\/product_tag?post=14951"}],"curies":[{"name":"wp","href":"https:\/\/api.w.org\/{rel}","templated":true}]}}