{"id":14954,"date":"2023-11-04T00:35:38","date_gmt":"2023-11-03T23:35:38","guid":{"rendered":"http:\/\/innocentiemangonipiante.it\/cupressus-sempervirens-pyramidalis\/"},"modified":"2023-11-06T18:07:15","modified_gmt":"2023-11-06T17:07:15","slug":"cupressus-sempervirens-pyramidalis","status":"publish","type":"product","link":"https:\/\/innocentiemangonipiante.it\/de\/cupressus-sempervirens-pyramidalis\/","title":{"rendered":"CUPRESSUS sempervirens &#8218;Pyramidalis&#8216;"},"content":{"rendered":"<p>Stark s\u00e4ulenf\u00f6rmiger Nadelbaum. Das sehr feine dunkelgr\u00fcne Blattwerk w\u00e4chst sehr dicht auf den aufrechten Zweigen und verleiht dieser besonderen Selektion eine einzigartige F\u00fclle und Kompaktheit. Das Wachstum ist sehr schnell.<\/p>\n","protected":false},"excerpt":{"rendered":"<p>Stark s\u00e4ulenf\u00f6rmiger Nadelbaum. Das sehr feine dunkelgr\u00fcne Blattwerk w\u00e4chst sehr dicht auf den aufrechten Zweigen und verleiht dieser besonderen Selektion eine einzigartige F\u00fclle und Kompaktheit. Das Wachstum ist sehr schnell.<\/p>\n","protected":false},"featured_media":2193,"template":"","meta":{"_acf_changed":false},"product_brand":[],"product_cat":[8825,9231],"product_tag":[10898,8565],"class_list":{"0":"post-14954","1":"product","2":"type-product","3":"status-publish","4":"has-post-thumbnail","6":"product_cat-koniferen","7":"product_cat-baume-und-pflanzen-der-zukunft","8":"product_tag-naturlichen","9":"product_tag-halbstamm","10":"pa_altezza-massima-20-meter","11":"pa_altezza-massima-25-meter","12":"pa_condizionamento-clt-de","13":"pa_condizionamento-jungplanzen","14":"pa_famiglia-cupressaceae-de","15":"pa_genere-cupressus-de","16":"pa_origine-italien","17":"pa_portamento-saulenformig","18":"pa_resistenza-climatica-mittel","19":"pa_resistenza-del-suolo-bestandig-gegen-kalkhaltige-boden","20":"pa_salinita-bestaendigkeit-in-meeresluft","21":"pa_utilizzo-alleen","22":"pa_utilizzo-parks-de","24":"first","25":"instock","26":"purchasable","27":"product-type-simple"},"acf":[],"_links":{"self":[{"href":"https:\/\/innocentiemangonipiante.it\/de\/wp-json\/wp\/v2\/product\/14954","targetHints":{"allow":["GET"]}}],"collection":[{"href":"https:\/\/innocentiemangonipiante.it\/de\/wp-json\/wp\/v2\/product"}],"about":[{"href":"https:\/\/innocentiemangonipiante.it\/de\/wp-json\/wp\/v2\/types\/product"}],"wp:featuredmedia":[{"embeddable":true,"href":"https:\/\/innocentiemangonipiante.it\/de\/wp-json\/wp\/v2\/media\/2193"}],"wp:attachment":[{"href":"https:\/\/innocentiemangonipiante.it\/de\/wp-json\/wp\/v2\/media?parent=14954"}],"wp:term":[{"taxonomy":"product_brand","embeddable":true,"href":"https:\/\/innocentiemangonipiante.it\/de\/wp-json\/wp\/v2\/product_brand?post=14954"},{"taxonomy":"product_cat","embeddable":true,"href":"https:\/\/innocentiemangonipiante.it\/de\/wp-json\/wp\/v2\/product_cat?post=14954"},{"taxonomy":"product_tag","embeddable":true,"href":"https:\/\/innocentiemangonipiante.it\/de\/wp-json\/wp\/v2\/product_tag?post=14954"}],"curies":[{"name":"wp","href":"https:\/\/api.w.org\/{rel}","templated":true}]}}