{"id":14956,"date":"2023-11-04T00:35:02","date_gmt":"2023-11-03T23:35:02","guid":{"rendered":"http:\/\/innocentiemangonipiante.it\/cupressus-sempervirens-agrimed-n1\/"},"modified":"2023-11-06T18:06:55","modified_gmt":"2023-11-06T17:06:55","slug":"cupressus-sempervirens-agrimed-n1","status":"publish","type":"product","link":"https:\/\/innocentiemangonipiante.it\/de\/cupressus-sempervirens-agrimed-n1\/","title":{"rendered":"CUPRESSUS sempervirens &#8218;Agrimed n\u00b01&#8216;"},"content":{"rendered":"<p>Der Wuchs ist s\u00e4ulenartig, breiter am Fuss. Dunkelgr\u00fcnes Laub. Sehr widerstandsf\u00e4hig gegen Krebs (Seiridium cardinale).<\/p>\n","protected":false},"excerpt":{"rendered":"<p>Der Wuchs ist s\u00e4ulenartig, breiter am Fuss. Dunkelgr\u00fcnes Laub. Sehr widerstandsf\u00e4hig gegen Krebs (Seiridium cardinale).<\/p>\n","protected":false},"featured_media":2174,"template":"","meta":{"_acf_changed":false},"product_brand":[],"product_cat":[8825,9231],"product_tag":[10898],"class_list":{"0":"post-14956","1":"product","2":"type-product","3":"status-publish","4":"has-post-thumbnail","6":"product_cat-koniferen","7":"product_cat-baume-und-pflanzen-der-zukunft","8":"product_tag-naturlichen","9":"pa_altezza-massima-20-meter","10":"pa_altezza-massima-25-meter","11":"pa_condizionamento-clt-de","12":"pa_famiglia-cupressaceae-de","13":"pa_genere-cupressus-de","14":"pa_origine-italien","15":"pa_portamento-saulenformig","16":"pa_resistenza-climatica-mittel-hoch","17":"pa_resistenza-del-suolo-bestandig-gegen-kalkhaltige-boden","18":"pa_salinita-bestaendigkeit-in-meeresluft","19":"pa_utilizzo-alleen","20":"pa_utilizzo-parks-de","22":"first","23":"instock","24":"purchasable","25":"product-type-simple"},"acf":[],"_links":{"self":[{"href":"https:\/\/innocentiemangonipiante.it\/de\/wp-json\/wp\/v2\/product\/14956","targetHints":{"allow":["GET"]}}],"collection":[{"href":"https:\/\/innocentiemangonipiante.it\/de\/wp-json\/wp\/v2\/product"}],"about":[{"href":"https:\/\/innocentiemangonipiante.it\/de\/wp-json\/wp\/v2\/types\/product"}],"wp:featuredmedia":[{"embeddable":true,"href":"https:\/\/innocentiemangonipiante.it\/de\/wp-json\/wp\/v2\/media\/2174"}],"wp:attachment":[{"href":"https:\/\/innocentiemangonipiante.it\/de\/wp-json\/wp\/v2\/media?parent=14956"}],"wp:term":[{"taxonomy":"product_brand","embeddable":true,"href":"https:\/\/innocentiemangonipiante.it\/de\/wp-json\/wp\/v2\/product_brand?post=14956"},{"taxonomy":"product_cat","embeddable":true,"href":"https:\/\/innocentiemangonipiante.it\/de\/wp-json\/wp\/v2\/product_cat?post=14956"},{"taxonomy":"product_tag","embeddable":true,"href":"https:\/\/innocentiemangonipiante.it\/de\/wp-json\/wp\/v2\/product_tag?post=14956"}],"curies":[{"name":"wp","href":"https:\/\/api.w.org\/{rel}","templated":true}]}}