{"id":14958,"date":"2023-11-04T00:34:30","date_gmt":"2023-11-03T23:34:30","guid":{"rendered":"http:\/\/innocentiemangonipiante.it\/cupressus-arizonica-fastigiata\/"},"modified":"2023-11-06T18:05:58","modified_gmt":"2023-11-06T17:05:58","slug":"cupressus-arizonica-fastigiata","status":"publish","type":"product","link":"https:\/\/innocentiemangonipiante.it\/de\/cupressus-arizonica-fastigiata\/","title":{"rendered":"CUPRESSUS arizonica &#8218;Fastigiata&#8216;"},"content":{"rendered":"<p>Kegel- bis s\u00e4ulenf\u00f6rmiger Nadelbaum. Die glatte Rinde ist r\u00f6tlich-braun. Das Laubwerk ist stahlblau. H\u00e4lt sehr gut Sonnenlage und Trockenheit. Winterhart (-20\u00b0C). Gut f\u00fcr Hecken oder als Solitair-Baum wegen seiner sch\u00f6nen Farbe benutzt.<\/p>\n","protected":false},"excerpt":{"rendered":"<p>Kegel- bis s\u00e4ulenf\u00f6rmiger Nadelbaum. Die glatte Rinde ist r\u00f6tlich-braun. Das Laubwerk ist stahlblau. H\u00e4lt sehr gut Sonnenlage und Trockenheit. Winterhart (-20\u00b0C). Gut f\u00fcr Hecken oder als Solitair-Baum wegen seiner sch\u00f6nen Farbe benutzt.<\/p>\n","protected":false},"featured_media":2162,"template":"","meta":{"_acf_changed":false},"product_brand":[],"product_cat":[8825,9231],"product_tag":[10898,10957,6251,8736,8565,8405,8705,8717,8757],"class_list":{"0":"post-14958","1":"product","2":"type-product","3":"status-publish","4":"has-post-thumbnail","6":"product_cat-koniferen","7":"product_cat-baume-und-pflanzen-der-zukunft","8":"product_tag-naturlichen","9":"product_tag-3-aufeinhanderliegenden-kugel","10":"product_tag-bonsai-de","11":"product_tag-fusstamm","12":"product_tag-halbstamm","13":"product_tag-hochstamm-zylinder","14":"product_tag-kugel","15":"product_tag-pompons-de","16":"product_tag-spirale-de","17":"pa_altezza-massima-1000-de-2","18":"pa_altezza-massima-15-meter","19":"pa_condizionamento-clt-de","20":"pa_condizionamento-jungplanzen","21":"pa_famiglia-cupressaceae-de","22":"pa_genere-cupressus-de","23":"pa_origine-italien","24":"pa_portamento-fastigiato-de","25":"pa_resistenza-climatica-sehr-hoch","26":"pa_resistenza-del-suolo-bestandig-gegen-trockene-boden","27":"pa_utilizzo-parks-de","29":"first","30":"instock","31":"purchasable","32":"product-type-simple"},"acf":[],"_links":{"self":[{"href":"https:\/\/innocentiemangonipiante.it\/de\/wp-json\/wp\/v2\/product\/14958","targetHints":{"allow":["GET"]}}],"collection":[{"href":"https:\/\/innocentiemangonipiante.it\/de\/wp-json\/wp\/v2\/product"}],"about":[{"href":"https:\/\/innocentiemangonipiante.it\/de\/wp-json\/wp\/v2\/types\/product"}],"wp:featuredmedia":[{"embeddable":true,"href":"https:\/\/innocentiemangonipiante.it\/de\/wp-json\/wp\/v2\/media\/2162"}],"wp:attachment":[{"href":"https:\/\/innocentiemangonipiante.it\/de\/wp-json\/wp\/v2\/media?parent=14958"}],"wp:term":[{"taxonomy":"product_brand","embeddable":true,"href":"https:\/\/innocentiemangonipiante.it\/de\/wp-json\/wp\/v2\/product_brand?post=14958"},{"taxonomy":"product_cat","embeddable":true,"href":"https:\/\/innocentiemangonipiante.it\/de\/wp-json\/wp\/v2\/product_cat?post=14958"},{"taxonomy":"product_tag","embeddable":true,"href":"https:\/\/innocentiemangonipiante.it\/de\/wp-json\/wp\/v2\/product_tag?post=14958"}],"curies":[{"name":"wp","href":"https:\/\/api.w.org\/{rel}","templated":true}]}}