{"id":14959,"date":"2023-11-04T00:36:20","date_gmt":"2023-11-03T23:36:20","guid":{"rendered":"http:\/\/innocentiemangonipiante.it\/cycas-revoluta\/"},"modified":"2023-11-06T18:07:46","modified_gmt":"2023-11-06T17:07:46","slug":"cycas-revoluta","status":"publish","type":"product","link":"https:\/\/innocentiemangonipiante.it\/de\/cycas-revoluta\/","title":{"rendered":"CYCAS revoluta"},"content":{"rendered":"<p>Palmen\u00e4hnlich. Langsames Wachstum mit robustem Stamm, der zun\u00e4chst aufrecht ist, sich mit zunehmendem Alter unregelm\u00e4\u00dfig kr\u00fcmmt. Die gefiederten 100-150 cm langen Bl\u00e4tter sind bogenf\u00f6rmig und bestehen aus spitzen, fadenf\u00f6rmigen kleinen Bl\u00e4ttern, die dunkelgr\u00fcn sind und 7-8 cm lang werden. Die Bl\u00e4ttchen liegen auf beiden Seiten des Stiels.<\/p>\n","protected":false},"excerpt":{"rendered":"<p>Palmen\u00e4hnlich. Langsames Wachstum mit robustem Stamm, der zun\u00e4chst aufrecht ist, sich mit zunehmendem Alter unregelm\u00e4\u00dfig kr\u00fcmmt. Die gefiederten 100-150 cm langen Bl\u00e4tter sind bogenf\u00f6rmig und bestehen aus spitzen, fadenf\u00f6rmigen kleinen Bl\u00e4ttern, die dunkelgr\u00fcn sind und 7-8 cm lang werden. Die Bl\u00e4ttchen liegen auf beiden Seiten des Stiels.<\/p>\n","protected":false},"featured_media":2205,"template":"","meta":{"_acf_changed":false},"product_brand":[],"product_cat":[8832],"product_tag":[10898],"class_list":{"0":"post-14959","1":"product","2":"type-product","3":"status-publish","4":"has-post-thumbnail","6":"product_cat-palmartig-und-saftig","7":"product_tag-naturlichen","8":"pa_altezza-massima-300-de","9":"pa_altezza-massima-400-de","10":"pa_condizionamento-clt-de","11":"pa_famiglia-cycadaceae-de","12":"pa_genere-cycas-de","13":"pa_origine-ostasien","14":"pa_portamento-eretto-de","15":"pa_resistenza-climatica-pflanzen-mit-geringem-klimawiderstand","16":"pa_resistenza-del-suolo-bestandig-gegen-trockene-boden","17":"pa_utilizzo-balkone","18":"pa_utilizzo-kleine-gaerten","19":"pa_utilizzo-parks-de","21":"first","22":"instock","23":"purchasable","24":"product-type-simple"},"acf":[],"_links":{"self":[{"href":"https:\/\/innocentiemangonipiante.it\/de\/wp-json\/wp\/v2\/product\/14959","targetHints":{"allow":["GET"]}}],"collection":[{"href":"https:\/\/innocentiemangonipiante.it\/de\/wp-json\/wp\/v2\/product"}],"about":[{"href":"https:\/\/innocentiemangonipiante.it\/de\/wp-json\/wp\/v2\/types\/product"}],"wp:featuredmedia":[{"embeddable":true,"href":"https:\/\/innocentiemangonipiante.it\/de\/wp-json\/wp\/v2\/media\/2205"}],"wp:attachment":[{"href":"https:\/\/innocentiemangonipiante.it\/de\/wp-json\/wp\/v2\/media?parent=14959"}],"wp:term":[{"taxonomy":"product_brand","embeddable":true,"href":"https:\/\/innocentiemangonipiante.it\/de\/wp-json\/wp\/v2\/product_brand?post=14959"},{"taxonomy":"product_cat","embeddable":true,"href":"https:\/\/innocentiemangonipiante.it\/de\/wp-json\/wp\/v2\/product_cat?post=14959"},{"taxonomy":"product_tag","embeddable":true,"href":"https:\/\/innocentiemangonipiante.it\/de\/wp-json\/wp\/v2\/product_tag?post=14959"}],"curies":[{"name":"wp","href":"https:\/\/api.w.org\/{rel}","templated":true}]}}