{"id":14963,"date":"2023-11-04T00:36:50","date_gmt":"2023-11-03T23:36:50","guid":{"rendered":"http:\/\/innocentiemangonipiante.it\/cytisus-scoparius\/"},"modified":"2023-11-06T18:08:04","modified_gmt":"2023-11-06T17:08:04","slug":"cytisus-scoparius","status":"publish","type":"product","link":"https:\/\/innocentiemangonipiante.it\/de\/cytisus-scoparius\/","title":{"rendered":"CYTISUS scoparius"},"content":{"rendered":"<p>Sommergr\u00fcner Strauch mit aufrechtem Wuchs, buschig. D\u00fcnne dunkelgr\u00fcne Zweige. Grau-gr\u00fcne Bl\u00e4tter. Goldgelbe Bl\u00fcten von April bis Juni.<\/p>\n","protected":false},"excerpt":{"rendered":"<p>Sommergr\u00fcner Strauch mit aufrechtem Wuchs, buschig. D\u00fcnne dunkelgr\u00fcne Zweige. Grau-gr\u00fcne Bl\u00e4tter. Goldgelbe Bl\u00fcten von April bis Juni.<\/p>\n","protected":false},"featured_media":2217,"template":"","meta":{"_acf_changed":false},"product_brand":[],"product_cat":[8813],"product_tag":[10898],"class_list":{"0":"post-14963","1":"product","2":"type-product","3":"status-publish","4":"has-post-thumbnail","6":"product_cat-laubbaume-und-straucher","7":"product_tag-naturlichen","8":"pa_altezza-massima-200-de","9":"pa_altezza-massima-300-de","10":"pa_colore-fioritura-gelbe","11":"pa_condizionamento-clt-de","12":"pa_famiglia-leguminosae-de","13":"pa_genere-cytisus-de","14":"pa_origine-europe-de","15":"pa_periodo-fioritura-april-de","16":"pa_periodo-fioritura-juni","17":"pa_periodo-fioritura-mai-de","18":"pa_portamento-cespuglioso-de","19":"pa_resistenza-climatica-mittel-hoch","20":"pa_resistenza-del-suolo-bestandig-gegen-kalkhaltige-boden","21":"pa_salinita-bestaendigkeit-in-meeresluft","22":"pa_utilizzo-kleine-gaerten","23":"pa_utilizzo-parks-de","25":"first","26":"instock","27":"purchasable","28":"product-type-simple"},"acf":[],"_links":{"self":[{"href":"https:\/\/innocentiemangonipiante.it\/de\/wp-json\/wp\/v2\/product\/14963","targetHints":{"allow":["GET"]}}],"collection":[{"href":"https:\/\/innocentiemangonipiante.it\/de\/wp-json\/wp\/v2\/product"}],"about":[{"href":"https:\/\/innocentiemangonipiante.it\/de\/wp-json\/wp\/v2\/types\/product"}],"wp:featuredmedia":[{"embeddable":true,"href":"https:\/\/innocentiemangonipiante.it\/de\/wp-json\/wp\/v2\/media\/2217"}],"wp:attachment":[{"href":"https:\/\/innocentiemangonipiante.it\/de\/wp-json\/wp\/v2\/media?parent=14963"}],"wp:term":[{"taxonomy":"product_brand","embeddable":true,"href":"https:\/\/innocentiemangonipiante.it\/de\/wp-json\/wp\/v2\/product_brand?post=14963"},{"taxonomy":"product_cat","embeddable":true,"href":"https:\/\/innocentiemangonipiante.it\/de\/wp-json\/wp\/v2\/product_cat?post=14963"},{"taxonomy":"product_tag","embeddable":true,"href":"https:\/\/innocentiemangonipiante.it\/de\/wp-json\/wp\/v2\/product_tag?post=14963"}],"curies":[{"name":"wp","href":"https:\/\/api.w.org\/{rel}","templated":true}]}}