{"id":14968,"date":"2023-11-04T00:37:51","date_gmt":"2023-11-03T23:37:51","guid":{"rendered":"http:\/\/innocentiemangonipiante.it\/dasylirion-serratifolium\/"},"modified":"2023-11-06T18:08:29","modified_gmt":"2023-11-06T17:08:29","slug":"dasylirion-serratifolium","status":"publish","type":"product","link":"https:\/\/innocentiemangonipiante.it\/de\/dasylirion-serratifolium\/","title":{"rendered":"DASYLIRION serratifolium"},"content":{"rendered":"<p>Kleiner, immergr\u00fcner Baum, dessen Aussehen an Yucca erinnert. Holziger Stamm. Die lanzettartigen, schmalen, 1 cm langen Bl\u00e4tter haben einen dornigen Rand und enden in kleinen faserigen blaugr\u00fcnen B\u00fcscheln.<\/p>\n","protected":false},"excerpt":{"rendered":"<p>Kleiner, immergr\u00fcner Baum, dessen Aussehen an Yucca erinnert. Holziger Stamm. Die lanzettartigen, schmalen, 1 cm langen Bl\u00e4tter haben einen dornigen Rand und enden in kleinen faserigen blaugr\u00fcnen B\u00fcscheln.<\/p>\n","protected":false},"featured_media":2270,"template":"","meta":{"_acf_changed":false},"product_brand":[],"product_cat":[8832,9231],"product_tag":[10898],"class_list":{"0":"post-14968","1":"product","2":"type-product","3":"status-publish","4":"has-post-thumbnail","6":"product_cat-palmartig-und-saftig","7":"product_cat-baume-und-pflanzen-der-zukunft","8":"product_tag-naturlichen","9":"pa_altezza-massima-150-de","10":"pa_altezza-massima-200-de","11":"pa_colore-fioritura-weis","12":"pa_condizionamento-clt-de","13":"pa_famiglia-liliaceae-de","14":"pa_genere-dasylirion-de","15":"pa_origine-sudamerika","16":"pa_periodo-fioritura-august-de","17":"pa_periodo-fioritura-juli","18":"pa_periodo-fioritura-juni","19":"pa_portamento-eretto-de","20":"pa_resistenza-climatica-mittel","21":"pa_resistenza-del-suolo-bestandig-gegen-trockene-boden","22":"pa_salinita-bestaendigkeit-in-meeresluft","23":"pa_utilizzo-balkone","24":"pa_utilizzo-kleine-gaerten","26":"first","27":"instock","28":"purchasable","29":"product-type-simple"},"acf":[],"_links":{"self":[{"href":"https:\/\/innocentiemangonipiante.it\/de\/wp-json\/wp\/v2\/product\/14968","targetHints":{"allow":["GET"]}}],"collection":[{"href":"https:\/\/innocentiemangonipiante.it\/de\/wp-json\/wp\/v2\/product"}],"about":[{"href":"https:\/\/innocentiemangonipiante.it\/de\/wp-json\/wp\/v2\/types\/product"}],"wp:featuredmedia":[{"embeddable":true,"href":"https:\/\/innocentiemangonipiante.it\/de\/wp-json\/wp\/v2\/media\/2270"}],"wp:attachment":[{"href":"https:\/\/innocentiemangonipiante.it\/de\/wp-json\/wp\/v2\/media?parent=14968"}],"wp:term":[{"taxonomy":"product_brand","embeddable":true,"href":"https:\/\/innocentiemangonipiante.it\/de\/wp-json\/wp\/v2\/product_brand?post=14968"},{"taxonomy":"product_cat","embeddable":true,"href":"https:\/\/innocentiemangonipiante.it\/de\/wp-json\/wp\/v2\/product_cat?post=14968"},{"taxonomy":"product_tag","embeddable":true,"href":"https:\/\/innocentiemangonipiante.it\/de\/wp-json\/wp\/v2\/product_tag?post=14968"}],"curies":[{"name":"wp","href":"https:\/\/api.w.org\/{rel}","templated":true}]}}