{"id":14970,"date":"2023-11-04T00:38:06","date_gmt":"2023-11-03T23:38:06","guid":{"rendered":"http:\/\/innocentiemangonipiante.it\/davidia-involucrata\/"},"modified":"2023-11-06T18:09:01","modified_gmt":"2023-11-06T17:09:01","slug":"davidia-involucrata","status":"publish","type":"product","link":"https:\/\/innocentiemangonipiante.it\/de\/davidia-involucrata\/","title":{"rendered":"DAVIDIA involucrata"},"content":{"rendered":"<p>Kegelf\u00f6rmiger Baum. Die Bl\u00e4tter sind eif\u00f6rmig, sehr gespitzt, dunkelgr\u00fcn, bis 16 cm lang und am Blattrand grob gez\u00e4hnt. Breite wei\u00dfe Braktee im Fr\u00fchling.<\/p>\n","protected":false},"excerpt":{"rendered":"<p>Kegelf\u00f6rmiger Baum. Die Bl\u00e4tter sind eif\u00f6rmig, sehr gespitzt, dunkelgr\u00fcn, bis 16 cm lang und am Blattrand grob gez\u00e4hnt. Breite wei\u00dfe Braktee im Fr\u00fchling.<\/p>\n","protected":false},"featured_media":2276,"template":"","meta":{"_acf_changed":false},"product_brand":[],"product_cat":[8813],"product_tag":[10898,8401],"class_list":{"0":"post-14970","1":"product","2":"type-product","3":"status-publish","4":"has-post-thumbnail","6":"product_cat-laubbaume-und-straucher","7":"product_tag-naturlichen","8":"product_tag-hochstamm","9":"pa_altezza-massima-800-de","10":"pa_altezza-massima-1000-de-2","11":"pa_colore-fioritura-weis","12":"pa_condizionamento-clt-de","13":"pa_famiglia-davidiaceae-de","14":"pa_genere-davidia-de","15":"pa_origine-ostasien","16":"pa_periodo-fioritura-mai-de","17":"pa_portamento-piramidale-de","18":"pa_resistenza-climatica-mittel-hoch","19":"pa_resistenza-del-suolo-bestandig-gegen-trockene-boden","20":"pa_salinita-bestaendigkeit-in-meeresluft","21":"pa_utilizzo-parks-de","23":"first","24":"instock","25":"purchasable","26":"product-type-simple"},"acf":[],"_links":{"self":[{"href":"https:\/\/innocentiemangonipiante.it\/de\/wp-json\/wp\/v2\/product\/14970","targetHints":{"allow":["GET"]}}],"collection":[{"href":"https:\/\/innocentiemangonipiante.it\/de\/wp-json\/wp\/v2\/product"}],"about":[{"href":"https:\/\/innocentiemangonipiante.it\/de\/wp-json\/wp\/v2\/types\/product"}],"wp:featuredmedia":[{"embeddable":true,"href":"https:\/\/innocentiemangonipiante.it\/de\/wp-json\/wp\/v2\/media\/2276"}],"wp:attachment":[{"href":"https:\/\/innocentiemangonipiante.it\/de\/wp-json\/wp\/v2\/media?parent=14970"}],"wp:term":[{"taxonomy":"product_brand","embeddable":true,"href":"https:\/\/innocentiemangonipiante.it\/de\/wp-json\/wp\/v2\/product_brand?post=14970"},{"taxonomy":"product_cat","embeddable":true,"href":"https:\/\/innocentiemangonipiante.it\/de\/wp-json\/wp\/v2\/product_cat?post=14970"},{"taxonomy":"product_tag","embeddable":true,"href":"https:\/\/innocentiemangonipiante.it\/de\/wp-json\/wp\/v2\/product_tag?post=14970"}],"curies":[{"name":"wp","href":"https:\/\/api.w.org\/{rel}","templated":true}]}}