{"id":14971,"date":"2023-11-04T00:39:01","date_gmt":"2023-11-03T23:39:01","guid":{"rendered":"http:\/\/innocentiemangonipiante.it\/deutzia-scabra\/"},"modified":"2023-11-06T18:09:24","modified_gmt":"2023-11-06T17:09:24","slug":"deutzia-scabra","status":"publish","type":"product","link":"https:\/\/innocentiemangonipiante.it\/de\/deutzia-scabra\/","title":{"rendered":"DEUTZIA scabra"},"content":{"rendered":"<p>Aufrechter Strauch mit gebogenen Zweigen. Die hellbraune Rinde sch\u00e4lt sich im Alter ab. Die dunkelgr\u00fcnen Bl\u00e4tter werden 8 cm lang.Wei\u00dfe, rosa get\u00f6nte Bl\u00fcten auf aufrechten, zylindrischen, 10-15 cm langen Rispen.<\/p>\n","protected":false},"excerpt":{"rendered":"<p>Aufrechter Strauch mit gebogenen Zweigen. Die hellbraune Rinde sch\u00e4lt sich im Alter ab. Die dunkelgr\u00fcnen Bl\u00e4tter werden 8 cm lang.Wei\u00dfe, rosa get\u00f6nte Bl\u00fcten auf aufrechten, zylindrischen, 10-15 cm langen Rispen.<\/p>\n","protected":false},"featured_media":2282,"template":"","meta":{"_acf_changed":false},"product_brand":[],"product_cat":[8813],"product_tag":[10898],"class_list":{"0":"post-14971","1":"product","2":"type-product","3":"status-publish","4":"has-post-thumbnail","6":"product_cat-laubbaume-und-straucher","7":"product_tag-naturlichen","8":"pa_altezza-massima-200-de","9":"pa_altezza-massima-300-de","10":"pa_colore-fioritura-weis","11":"pa_condizionamento-clt-de","12":"pa_famiglia-hydrangeaceae-de-2","13":"pa_genere-deutzia-de","14":"pa_inquinamento-bestaendigkeit-gegen-smog","15":"pa_origine-ostasien","16":"pa_periodo-fioritura-juli","17":"pa_periodo-fioritura-juni","18":"pa_portamento-eretto-de","19":"pa_resistenza-climatica-sehr-hoch","20":"pa_resistenza-del-suolo-bestandig-gegen-kalkhaltige-boden","21":"pa_utilizzo-kleine-gaerten","22":"pa_utilizzo-parks-de","24":"first","25":"instock","26":"purchasable","27":"product-type-simple"},"acf":[],"_links":{"self":[{"href":"https:\/\/innocentiemangonipiante.it\/de\/wp-json\/wp\/v2\/product\/14971","targetHints":{"allow":["GET"]}}],"collection":[{"href":"https:\/\/innocentiemangonipiante.it\/de\/wp-json\/wp\/v2\/product"}],"about":[{"href":"https:\/\/innocentiemangonipiante.it\/de\/wp-json\/wp\/v2\/types\/product"}],"wp:featuredmedia":[{"embeddable":true,"href":"https:\/\/innocentiemangonipiante.it\/de\/wp-json\/wp\/v2\/media\/2282"}],"wp:attachment":[{"href":"https:\/\/innocentiemangonipiante.it\/de\/wp-json\/wp\/v2\/media?parent=14971"}],"wp:term":[{"taxonomy":"product_brand","embeddable":true,"href":"https:\/\/innocentiemangonipiante.it\/de\/wp-json\/wp\/v2\/product_brand?post=14971"},{"taxonomy":"product_cat","embeddable":true,"href":"https:\/\/innocentiemangonipiante.it\/de\/wp-json\/wp\/v2\/product_cat?post=14971"},{"taxonomy":"product_tag","embeddable":true,"href":"https:\/\/innocentiemangonipiante.it\/de\/wp-json\/wp\/v2\/product_tag?post=14971"}],"curies":[{"name":"wp","href":"https:\/\/api.w.org\/{rel}","templated":true}]}}