{"id":14972,"date":"2023-11-04T00:39:27","date_gmt":"2023-11-03T23:39:27","guid":{"rendered":"http:\/\/innocentiemangonipiante.it\/deutzia-x-montrose\/"},"modified":"2023-11-06T18:09:33","modified_gmt":"2023-11-06T17:09:33","slug":"deutzia-x-montrose","status":"publish","type":"product","link":"https:\/\/innocentiemangonipiante.it\/de\/deutzia-x-montrose\/","title":{"rendered":"DEUTZIA x &#8218;Montrose&#8216;"},"content":{"rendered":"<p>\u00c4hnliche Eigenschaften wie die der Grundsorte. Anfang Sommer sprie\u00dfen 2-3 cm lange Rispen mit rosa purpurfarbenen sternf\u00f6rmigen Bl\u00fcten.<\/p>\n","protected":false},"excerpt":{"rendered":"<p>\u00c4hnliche Eigenschaften wie die der Grundsorte. Anfang Sommer sprie\u00dfen 2-3 cm lange Rispen mit rosa purpurfarbenen sternf\u00f6rmigen Bl\u00fcten.<\/p>\n","protected":false},"featured_media":2288,"template":"","meta":{"_acf_changed":false},"product_brand":[],"product_cat":[8813],"product_tag":[10898],"class_list":{"0":"post-14972","1":"product","2":"type-product","3":"status-publish","4":"has-post-thumbnail","6":"product_cat-laubbaume-und-straucher","7":"product_tag-naturlichen","8":"pa_altezza-massima-200-de","9":"pa_altezza-massima-300-de","10":"pa_colore-fioritura-rose-de","11":"pa_condizionamento-clt-de","12":"pa_famiglia-hydrangeaceae-de-2","13":"pa_genere-deutzia-de","14":"pa_inquinamento-bestaendigkeit-gegen-smog","15":"pa_origine-ostasien","16":"pa_periodo-fioritura-juni","17":"pa_portamento-eretto-de","18":"pa_resistenza-climatica-sehr-hoch","19":"pa_resistenza-del-suolo-bestandig-gegen-kalkhaltige-boden","20":"pa_utilizzo-kleine-gaerten","21":"pa_utilizzo-parks-de","23":"first","24":"instock","25":"purchasable","26":"product-type-simple"},"acf":[],"_links":{"self":[{"href":"https:\/\/innocentiemangonipiante.it\/de\/wp-json\/wp\/v2\/product\/14972","targetHints":{"allow":["GET"]}}],"collection":[{"href":"https:\/\/innocentiemangonipiante.it\/de\/wp-json\/wp\/v2\/product"}],"about":[{"href":"https:\/\/innocentiemangonipiante.it\/de\/wp-json\/wp\/v2\/types\/product"}],"wp:featuredmedia":[{"embeddable":true,"href":"https:\/\/innocentiemangonipiante.it\/de\/wp-json\/wp\/v2\/media\/2288"}],"wp:attachment":[{"href":"https:\/\/innocentiemangonipiante.it\/de\/wp-json\/wp\/v2\/media?parent=14972"}],"wp:term":[{"taxonomy":"product_brand","embeddable":true,"href":"https:\/\/innocentiemangonipiante.it\/de\/wp-json\/wp\/v2\/product_brand?post=14972"},{"taxonomy":"product_cat","embeddable":true,"href":"https:\/\/innocentiemangonipiante.it\/de\/wp-json\/wp\/v2\/product_cat?post=14972"},{"taxonomy":"product_tag","embeddable":true,"href":"https:\/\/innocentiemangonipiante.it\/de\/wp-json\/wp\/v2\/product_tag?post=14972"}],"curies":[{"name":"wp","href":"https:\/\/api.w.org\/{rel}","templated":true}]}}