{"id":14973,"date":"2023-11-04T00:39:40","date_gmt":"2023-11-03T23:39:40","guid":{"rendered":"http:\/\/innocentiemangonipiante.it\/dicksonia-antarctica\/"},"modified":"2023-11-06T18:09:39","modified_gmt":"2023-11-06T17:09:39","slug":"dicksonia-antarctica","status":"publish","type":"product","link":"https:\/\/innocentiemangonipiante.it\/de\/dicksonia-antarctica\/","title":{"rendered":"DICKSONIA antarctica"},"content":{"rendered":"<p>Baumartiger Farn, immergr\u00fcn in milden Klimas. Der Stamm besteht aus einem aufrechten Rhizom und ist von einer dicken Masse von Wurzeln bedeckt. Die doppelgefiederten hellgr\u00fcnen Bl\u00e4tter k\u00f6nnen bis 3 mt. lang werden.<\/p>\n","protected":false},"excerpt":{"rendered":"<p>Baumartiger Farn, immergr\u00fcn in milden Klimas. Der Stamm besteht aus einem aufrechten Rhizom und ist von einer dicken Masse von Wurzeln bedeckt. Die doppelgefiederten hellgr\u00fcnen Bl\u00e4tter k\u00f6nnen bis 3 mt. lang werden.<\/p>\n","protected":false},"featured_media":2294,"template":"","meta":{"_acf_changed":false},"product_brand":[],"product_cat":[8318],"product_tag":[10898],"class_list":{"0":"post-14973","1":"product","2":"type-product","3":"status-publish","4":"has-post-thumbnail","6":"product_cat-keine-kategorie","7":"product_tag-naturlichen","8":"pa_altezza-massima-200-de","9":"pa_altezza-massima-300-de","10":"pa_famiglia-dicksoniaceae-de","11":"pa_genere-dicksonia-de","12":"pa_origine-neuseeland-de","13":"pa_portamento-eretto-de","14":"pa_resistenza-climatica-mittel-hoch","15":"pa_resistenza-del-suolo-bestandigkeit-auf-feuchten-boden","16":"pa_utilizzo-balkone","17":"pa_utilizzo-kleine-gaerten","19":"first","20":"instock","21":"purchasable","22":"product-type-simple"},"acf":[],"_links":{"self":[{"href":"https:\/\/innocentiemangonipiante.it\/de\/wp-json\/wp\/v2\/product\/14973","targetHints":{"allow":["GET"]}}],"collection":[{"href":"https:\/\/innocentiemangonipiante.it\/de\/wp-json\/wp\/v2\/product"}],"about":[{"href":"https:\/\/innocentiemangonipiante.it\/de\/wp-json\/wp\/v2\/types\/product"}],"wp:featuredmedia":[{"embeddable":true,"href":"https:\/\/innocentiemangonipiante.it\/de\/wp-json\/wp\/v2\/media\/2294"}],"wp:attachment":[{"href":"https:\/\/innocentiemangonipiante.it\/de\/wp-json\/wp\/v2\/media?parent=14973"}],"wp:term":[{"taxonomy":"product_brand","embeddable":true,"href":"https:\/\/innocentiemangonipiante.it\/de\/wp-json\/wp\/v2\/product_brand?post=14973"},{"taxonomy":"product_cat","embeddable":true,"href":"https:\/\/innocentiemangonipiante.it\/de\/wp-json\/wp\/v2\/product_cat?post=14973"},{"taxonomy":"product_tag","embeddable":true,"href":"https:\/\/innocentiemangonipiante.it\/de\/wp-json\/wp\/v2\/product_tag?post=14973"}],"curies":[{"name":"wp","href":"https:\/\/api.w.org\/{rel}","templated":true}]}}