{"id":14974,"date":"2023-11-04T00:42:36","date_gmt":"2023-11-03T23:42:36","guid":{"rendered":"http:\/\/innocentiemangonipiante.it\/edgeworthia-chrysantha\/"},"modified":"2023-11-06T18:11:16","modified_gmt":"2023-11-06T17:11:16","slug":"edgeworthia-chrysantha","status":"publish","type":"product","link":"https:\/\/innocentiemangonipiante.it\/de\/edgeworthia-chrysantha\/","title":{"rendered":"EDGEWORTHIA chrysantha"},"content":{"rendered":"<p>Sommergr\u00fcner Strauch mit einem offenen, rundlichen Wuchs, mit flexiblen Trieben und dunkelgr\u00fcnem Laubwerk. Die Bl\u00e4tter sind bis 15-cm lang lanzettlich bis oval. Am Winterende und Fr\u00fchlingsanfang produziert es kleine gelben duftenden Bl\u00fcten, in kleinen K\u00f6pfchen gruppiert.<\/p>\n","protected":false},"excerpt":{"rendered":"<p>Sommergr\u00fcner Strauch mit einem offenen, rundlichen Wuchs, mit flexiblen Trieben und dunkelgr\u00fcnem Laubwerk. Die Bl\u00e4tter sind bis 15-cm lang lanzettlich bis oval. Am Winterende und Fr\u00fchlingsanfang produziert es kleine gelben duftenden Bl\u00fcten, in kleinen K\u00f6pfchen gruppiert.<\/p>\n","protected":false},"featured_media":2300,"template":"","meta":{"_acf_changed":false},"product_brand":[],"product_cat":[8813],"product_tag":[10898],"class_list":{"0":"post-14974","1":"product","2":"type-product","3":"status-publish","4":"has-post-thumbnail","6":"product_cat-laubbaume-und-straucher","7":"product_tag-naturlichen","8":"pa_altezza-massima-150-de","9":"pa_altezza-massima-200-de","10":"pa_colore-fioritura-gelbe","11":"pa_famiglia-thymelaeaceae-de","12":"pa_genere-edgeworthia-de","13":"pa_origine-ostasien","14":"pa_periodo-fioritura-februar","15":"pa_periodo-fioritura-maerz","16":"pa_portamento-arrotondato-de","17":"pa_profumo-intensiv","18":"pa_resistenza-climatica-mittel","19":"pa_utilizzo-kleine-gaerten","21":"first","22":"instock","23":"purchasable","24":"product-type-simple"},"acf":[],"_links":{"self":[{"href":"https:\/\/innocentiemangonipiante.it\/de\/wp-json\/wp\/v2\/product\/14974","targetHints":{"allow":["GET"]}}],"collection":[{"href":"https:\/\/innocentiemangonipiante.it\/de\/wp-json\/wp\/v2\/product"}],"about":[{"href":"https:\/\/innocentiemangonipiante.it\/de\/wp-json\/wp\/v2\/types\/product"}],"wp:featuredmedia":[{"embeddable":true,"href":"https:\/\/innocentiemangonipiante.it\/de\/wp-json\/wp\/v2\/media\/2300"}],"wp:attachment":[{"href":"https:\/\/innocentiemangonipiante.it\/de\/wp-json\/wp\/v2\/media?parent=14974"}],"wp:term":[{"taxonomy":"product_brand","embeddable":true,"href":"https:\/\/innocentiemangonipiante.it\/de\/wp-json\/wp\/v2\/product_brand?post=14974"},{"taxonomy":"product_cat","embeddable":true,"href":"https:\/\/innocentiemangonipiante.it\/de\/wp-json\/wp\/v2\/product_cat?post=14974"},{"taxonomy":"product_tag","embeddable":true,"href":"https:\/\/innocentiemangonipiante.it\/de\/wp-json\/wp\/v2\/product_tag?post=14974"}],"curies":[{"name":"wp","href":"https:\/\/api.w.org\/{rel}","templated":true}]}}