{"id":14975,"date":"2023-11-04T00:42:57","date_gmt":"2023-11-03T23:42:57","guid":{"rendered":"http:\/\/innocentiemangonipiante.it\/elaeagnus-pungens-maculata\/"},"modified":"2023-11-06T18:11:28","modified_gmt":"2023-11-06T17:11:28","slug":"elaeagnus-pungens-maculata","status":"publish","type":"product","link":"https:\/\/innocentiemangonipiante.it\/de\/elaeagnus-pungens-maculata\/","title":{"rendered":"ELAEAGNUS pungens &#8218;Maculata&#8216;"},"content":{"rendered":"<p>Immergr\u00fcner, dichter, dorniger Strauch, dessen Jungwuchs mit rostfarbenen Schuppen bedeckt ist. Die l\u00e4nglichen, dunkelgr\u00fcnen Bl\u00e4tter haben oft einen gekr\u00e4uselten Rand. Die Blattunterseite ist wei\u00dfen und braunen Schuppen get\u00f6nt. Die Oberseite ist in der Mitte goldgelb gefleckt.<\/p>\n","protected":false},"excerpt":{"rendered":"<p>Immergr\u00fcner, dichter, dorniger Strauch, dessen Jungwuchs mit rostfarbenen Schuppen bedeckt ist. Die l\u00e4nglichen, dunkelgr\u00fcnen Bl\u00e4tter haben oft einen gekr\u00e4uselten Rand. Die Blattunterseite ist wei\u00dfen und braunen Schuppen get\u00f6nt. Die Oberseite ist in der Mitte goldgelb gefleckt.<\/p>\n","protected":false},"featured_media":2313,"template":"","meta":{"_acf_changed":false},"product_brand":[],"product_cat":[8816],"product_tag":[10898],"class_list":{"0":"post-14975","1":"product","2":"type-product","3":"status-publish","4":"has-post-thumbnail","6":"product_cat-hartnaeckige-baeume-und-straeucher","7":"product_tag-naturlichen","8":"pa_altezza-massima-300-de","9":"pa_altezza-massima-400-de","10":"pa_colore-delle-foglie-vielfaeltigen","11":"pa_colore-fioritura-weis","12":"pa_condizionamento-clt-de","13":"pa_famiglia-eleagnaceae-de","14":"pa_genere-elaeagnus-de","15":"pa_inquinamento-bestaendigkeit-gegen-smog","16":"pa_origine-ostasien","17":"pa_periodo-fioritura-november-de","18":"pa_periodo-fioritura-oktober","19":"pa_periodo-fioritura-september-de","20":"pa_portamento-arrotondato-de","21":"pa_profumo-intensiv","22":"pa_resistenza-climatica-mittel-hoch","23":"pa_resistenza-del-suolo-bestandig-gegen-kalkhaltige-boden","24":"pa_resistenza-del-suolo-bestandig-gegen-trockene-boden","25":"pa_salinita-bestaendigkeit-in-meeresluft","26":"pa_utilizzo-kleine-gaerten","27":"pa_utilizzo-parks-de","29":"first","30":"instock","31":"purchasable","32":"product-type-simple"},"acf":[],"_links":{"self":[{"href":"https:\/\/innocentiemangonipiante.it\/de\/wp-json\/wp\/v2\/product\/14975","targetHints":{"allow":["GET"]}}],"collection":[{"href":"https:\/\/innocentiemangonipiante.it\/de\/wp-json\/wp\/v2\/product"}],"about":[{"href":"https:\/\/innocentiemangonipiante.it\/de\/wp-json\/wp\/v2\/types\/product"}],"wp:featuredmedia":[{"embeddable":true,"href":"https:\/\/innocentiemangonipiante.it\/de\/wp-json\/wp\/v2\/media\/2313"}],"wp:attachment":[{"href":"https:\/\/innocentiemangonipiante.it\/de\/wp-json\/wp\/v2\/media?parent=14975"}],"wp:term":[{"taxonomy":"product_brand","embeddable":true,"href":"https:\/\/innocentiemangonipiante.it\/de\/wp-json\/wp\/v2\/product_brand?post=14975"},{"taxonomy":"product_cat","embeddable":true,"href":"https:\/\/innocentiemangonipiante.it\/de\/wp-json\/wp\/v2\/product_cat?post=14975"},{"taxonomy":"product_tag","embeddable":true,"href":"https:\/\/innocentiemangonipiante.it\/de\/wp-json\/wp\/v2\/product_tag?post=14975"}],"curies":[{"name":"wp","href":"https:\/\/api.w.org\/{rel}","templated":true}]}}